{"id":9087,"date":"2013-08-14T22:12:02","date_gmt":"2013-08-14T22:12:02","guid":{"rendered":"https:\/\/roboticslab.uc3m.es\/pongase-en-contacto-con-nosotros\/"},"modified":"2024-05-09T18:50:47","modified_gmt":"2024-05-09T18:50:47","slug":"pongase-en-contacto-con-nosotros","status":"publish","type":"page","link":"https:\/\/roboticslab.uc3m.es\/es\/pongase-en-contacto-con-nosotros\/","title":{"rendered":"P\u00f3ngase en contacto con nosotros"},"content":{"rendered":"\t\t<div data-elementor-type=\"wp-page\" data-elementor-id=\"9087\" class=\"elementor elementor-9087 elementor-1073\" data-elementor-post-type=\"page\">\n\t\t\t\t<div class=\"elementor-element elementor-element-2c3246e1 e-con-full e-flex e-con e-parent\" data-id=\"2c3246e1\" data-element_type=\"container\">\n\t\t<div class=\"elementor-element elementor-element-4f8d314d e-con-full e-flex e-con e-child\" data-id=\"4f8d314d\" data-element_type=\"container\" data-settings=\"{&quot;background_background&quot;:&quot;classic&quot;}\">\n\t\t\t\t<div class=\"elementor-element elementor-element-6b8eea6d elementor-widget-tablet__width-inherit elementor-widget-mobile__width-inherit elementor-widget elementor-widget-image-box\" data-id=\"6b8eea6d\" data-element_type=\"widget\" data-widget_type=\"image-box.default\">\n\t\t\t\t<div class=\"elementor-widget-container\">\n\t\t\t\t\t<div class=\"elementor-image-box-wrapper\"><div class=\"elementor-image-box-content\"><h3 class=\"elementor-image-box-title\">P\u00f3ngase en contacto<\/h3><p class=\"elementor-image-box-description\">El Laboratorio de Rob\u00f3tica est\u00e1 situado en el Campus de Legan\u00e9s de la Universidad Carlos III de Madrid, a unos 10 kil\u00f3metros al sur del centro de Madrid. Nuestras oficinas se encuentran en la tercera planta del edificio Agust\u00edn de Betancourt (marcado con el n\u00famero 1 en el mapa).<\/p><\/div><\/div>\t\t\t\t<\/div>\n\t\t\t\t<\/div>\n\t\t<div class=\"elementor-element elementor-element-5c8786a3 e-con-full e-flex e-con e-child\" data-id=\"5c8786a3\" data-element_type=\"container\">\n\t\t\t\t<div class=\"elementor-element elementor-element-4ed91406 elementor-widget-tablet__width-initial elementor-widget-mobile__width-inherit elementor-widget elementor-widget-heading\" data-id=\"4ed91406\" data-element_type=\"widget\" data-widget_type=\"heading.default\">\n\t\t\t\t<div class=\"elementor-widget-container\">\n\t\t\t\t\t<h3 class=\"elementor-heading-title elementor-size-default\">La oficina<\/h3>\t\t\t\t<\/div>\n\t\t\t\t<\/div>\n\t\t\t\t<div class=\"elementor-element elementor-element-6931d039 elementor-icon-list--layout-traditional elementor-list-item-link-full_width elementor-widget elementor-widget-icon-list\" data-id=\"6931d039\" data-element_type=\"widget\" data-widget_type=\"icon-list.default\">\n\t\t\t\t<div class=\"elementor-widget-container\">\n\t\t\t\t\t\t\t<ul class=\"elementor-icon-list-items\">\n\t\t\t\t\t\t\t<li class=\"elementor-icon-list-item\">\n\t\t\t\t\t\t\t\t\t\t<span class=\"elementor-icon-list-text\">Legan\u00e9s, Madrid. Espa\u00f1a<\/span>\n\t\t\t\t\t\t\t\t\t<\/li>\n\t\t\t\t\t\t\t\t<li class=\"elementor-icon-list-item\">\n\t\t\t\t\t\t\t\t\t\t<span class=\"elementor-icon-list-text\">+34 91 624 84 52<\/span>\n\t\t\t\t\t\t\t\t\t<\/li>\n\t\t\t\t\t\t\t\t<li class=\"elementor-icon-list-item\">\n\t\t\t\t\t\t\t\t\t\t<span class=\"elementor-icon-list-text\">roboticslab@uc3m.es<\/span>\n\t\t\t\t\t\t\t\t\t<\/li>\n\t\t\t\t\t\t<\/ul>\n\t\t\t\t\t\t<\/div>\n\t\t\t\t<\/div>\n\t\t\t\t<\/div>\n\t\t<div class=\"elementor-element elementor-element-bc26200 e-con-full e-flex e-con e-child\" data-id=\"bc26200\" data-element_type=\"container\">\n\t\t\t\t<div class=\"elementor-element elementor-element-e59aca2 elementor-widget-tablet__width-initial elementor-widget-mobile__width-inherit elementor-widget elementor-widget-heading\" data-id=\"e59aca2\" data-element_type=\"widget\" data-widget_type=\"heading.default\">\n\t\t\t\t<div class=\"elementor-widget-container\">\n\t\t\t\t\t<h3 class=\"elementor-heading-title elementor-size-default\">C\u00f3mo llegar<\/h3>\t\t\t\t<\/div>\n\t\t\t\t<\/div>\n\t\t\t\t<div class=\"elementor-element elementor-element-2cfe95c elementor-widget elementor-widget-text-editor\" data-id=\"2cfe95c\" data-element_type=\"widget\" data-widget_type=\"text-editor.default\">\n\t\t\t\t<div class=\"elementor-widget-container\">\n\t\t\t\t\t\t\t\t\t<p><strong>En tren:<\/strong> Tome la conexi\u00f3n de tren C-5, direcci\u00f3n Fuenlabrada, y b\u00e1jese en la estaci\u00f3n \u00abLegan\u00e9s\u00bb. El campus est\u00e1 a 5 minutos a pie de la estaci\u00f3n. Los trenes salen cada 15 minutos.<br \/><strong>En metro:<\/strong> Tome la l\u00ednea 12, Metrosur, y b\u00e1jese en la estaci\u00f3n \u00abLegan\u00e9s Central\u00bb. El campus est\u00e1 a 5 minutos a pie de la estaci\u00f3n.<br \/>En coche: Venga por la autopista M-40 y b\u00e1jese en la salida 27, 28 \u00f3 30. Siga las indicaciones hacia Legan\u00e9s. A continuaci\u00f3n, utilice las indicaciones del mapa siguiente.<\/p>\n\t\t\t\t\t\t\t\t<\/div>\n\t\t\t\t<\/div>\n\t\t\t\t<\/div>\n\t\t\t\t<div class=\"elementor-element elementor-element-1c67ca46 elementor-absolute elementor-view-default elementor-widget elementor-widget-icon\" data-id=\"1c67ca46\" data-element_type=\"widget\" data-settings=\"{&quot;_position&quot;:&quot;absolute&quot;}\" data-widget_type=\"icon.default\">\n\t\t\t\t<div class=\"elementor-widget-container\">\n\t\t\t\t\t\t\t<div class=\"elementor-icon-wrapper\">\n\t\t\t<div class=\"elementor-icon\">\n\t\t\t<svg xmlns=\"http:\/\/www.w3.org\/2000\/svg\" viewBox=\"0 0 184 140\"><path fill-rule=\"evenodd\" clip-rule=\"evenodd\" d=\"m78.751 73-5.25 18.5 2 14 6.593 11.62H184L116.014 0 84.001 54.5V56l6.5 1.5-10 6-1.75 9.5Zm3.553-8.25-1.603 8.705-5.16 18.183 1.886 13.204 5.832 10.278h97.268L116.004 3.966 86.329 54.485l9.45 2.18-13.475 8.085ZM.343 68.12a1 1 0 0 1 .796-.237l57.15 8.014a1 1 0 0 1 .86.987l.163 61.76a.998.998 0 0 1-1.139.993l-57.23-8.014a1 1 0 0 1-.862-.989L0 68.874a1 1 0 0 1 .343-.755Zm1.659 1.904.078 59.739 55.229 7.733-.157-59.74-55.15-7.732Z\"><\/path><path d=\"m58.311 138.647 36.913-20.074-.162-61.76-36.913 20.074.162 61.76Z\"><\/path><path fill-rule=\"evenodd\" clip-rule=\"evenodd\" d=\"M95.572 55.953a1 1 0 0 1 .49.858l.162 61.759a.998.998 0 0 1-.522.881l-36.913 20.074a.997.997 0 0 1-1.478-.876L57.15 76.89a1 1 0 0 1 .523-.881l36.912-20.074a1 1 0 0 1 .988.018ZM59.15 77.481l.156 59.486 34.915-18.988-.156-59.486L59.15 77.481Z\"><\/path><path fill-rule=\"evenodd\" clip-rule=\"evenodd\" d=\"M37.435 47.921a1 1 0 0 1 .616-.111l57.15 8.013a1 1 0 0 1 .34 1.869L58.627 77.766a1 1 0 0 1-.617.111L.86 69.864a1 1 0 0 1-.339-1.869l36.913-20.074Zm.665 1.915L4.14 68.304l53.822 7.547 33.96-18.468L38.1 49.836Z\"><\/path><\/svg>\t\t\t<\/div>\n\t\t<\/div>\n\t\t\t\t\t\t<\/div>\n\t\t\t\t<\/div>\n\t\t\t\t<\/div>\n\t\t<div class=\"elementor-element elementor-element-329c7d8b e-con-full e-flex e-con e-child\" data-id=\"329c7d8b\" data-element_type=\"container\" data-settings=\"{&quot;background_background&quot;:&quot;classic&quot;}\">\n\t\t\t\t<div class=\"elementor-element elementor-element-388cbac9 elementor-widget-tablet__width-inherit elementor-button-align-stretch elementor-widget elementor-widget-form\" data-id=\"388cbac9\" data-element_type=\"widget\" data-settings=\"{&quot;step_next_label&quot;:&quot;Siguiente&quot;,&quot;step_previous_label&quot;:&quot;Anterior&quot;,&quot;button_width&quot;:&quot;100&quot;,&quot;step_type&quot;:&quot;number_text&quot;,&quot;step_icon_shape&quot;:&quot;circle&quot;}\" data-widget_type=\"form.default\">\n\t\t\t\t<div class=\"elementor-widget-container\">\n\t\t\t\t\t\t\t<form class=\"elementor-form\" method=\"post\" name=\"Taller\" novalidate=\"\">\n\t\t\t<input type=\"hidden\" name=\"post_id\" value=\"9087\"\/>\n\t\t\t<input type=\"hidden\" name=\"form_id\" value=\"388cbac9\"\/>\n\t\t\t<input type=\"hidden\" name=\"referer_title\" value=\"P\u00f3ngase en contacto con nosotros - Laboratorio de rob\u00f3tica\" \/>\n\n\t\t\t\t\t\t\t<input type=\"hidden\" name=\"queried_id\" value=\"9087\"\/>\n\t\t\t\n\t\t\t<div class=\"elementor-form-fields-wrapper elementor-labels-\">\n\t\t\t\t\t\t\t\t<div class=\"elementor-field-type-text elementor-field-group elementor-column elementor-field-group-name elementor-col-100\">\n\t\t\t\t\t\t\t\t\t\t\t\t<label for=\"form-field-name\" class=\"elementor-field-label elementor-screen-only\">\n\t\t\t\t\t\t\t\tNombre\t\t\t\t\t\t\t<\/label>\n\t\t\t\t\t\t\t\t\t\t\t\t\t\t<input size=\"1\" type=\"text\" name=\"form_fields[name]\" id=\"form-field-name\" class=\"elementor-field elementor-size-lg  elementor-field-textual\" placeholder=\"Su nombre\">\n\t\t\t\t\t\t\t\t\t\t\t<\/div>\n\t\t\t\t\t\t\t\t<div class=\"elementor-field-type-email elementor-field-group elementor-column elementor-field-group-email elementor-col-100 elementor-field-required\">\n\t\t\t\t\t\t\t\t\t\t\t\t<label for=\"form-field-email\" class=\"elementor-field-label elementor-screen-only\">\n\t\t\t\t\t\t\t\tCorreo electr\u00f3nico\t\t\t\t\t\t\t<\/label>\n\t\t\t\t\t\t\t\t\t\t\t\t\t\t<input size=\"1\" type=\"email\" name=\"form_fields[email]\" id=\"form-field-email\" class=\"elementor-field elementor-size-lg  elementor-field-textual\" placeholder=\"Tu correo electr\u00f3nico\" required=\"required\" aria-required=\"true\">\n\t\t\t\t\t\t\t\t\t\t\t<\/div>\n\t\t\t\t\t\t\t\t<div class=\"elementor-field-type-select elementor-field-group elementor-column elementor-field-group-field_a95beab elementor-col-100\">\n\t\t\t\t\t\t\t\t\t\t\t\t<label for=\"form-field-field_a95beab\" class=\"elementor-field-label elementor-screen-only\">\n\t\t\t\t\t\t\t\tTipo\t\t\t\t\t\t\t<\/label>\n\t\t\t\t\t\t\t\t<div class=\"elementor-field elementor-select-wrapper remove-before \">\n\t\t\t<div class=\"select-caret-down-wrapper\">\n\t\t\t\t<svg aria-hidden=\"true\" class=\"e-font-icon-svg e-eicon-caret-down\" viewBox=\"0 0 571.4 571.4\" xmlns=\"http:\/\/www.w3.org\/2000\/svg\"><path d=\"M571 393Q571 407 561 418L311 668Q300 679 286 679T261 668L11 418Q0 407 0 393T11 368 36 357H536Q550 357 561 368T571 393Z\"><\/path><\/svg>\t\t\t<\/div>\n\t\t\t<select name=\"form_fields[field_a95beab]\" id=\"form-field-field_a95beab\" class=\"elementor-field-textual elementor-size-lg\">\n\t\t\t\t\t\t\t\t\t<option value=\"Robots\">Robots<\/option>\n\t\t\t\t\t\t\t\t\t<option value=\"Proyectos\">Proyectos<\/option>\n\t\t\t\t\t\t\t\t\t<option value=\"Conferencias\">Conferencias<\/option>\n\t\t\t\t\t\t\t\t\t<option value=\"Proyectos\">Proyectos<\/option>\n\t\t\t\t\t\t\t\t\t<option value=\"\"><\/option>\n\t\t\t\t\t\t\t<\/select>\n\t\t<\/div>\n\t\t\t\t\t\t<\/div>\n\t\t\t\t\t\t\t\t<div class=\"elementor-field-group elementor-column elementor-field-type-submit elementor-col-100 e-form__buttons\">\n\t\t\t\t\t<button class=\"elementor-button elementor-size-md elementor-animation-grow\" type=\"submit\">\n\t\t\t\t\t\t<span class=\"elementor-button-content-wrapper\">\n\t\t\t\t\t\t\t\t\t\t\t\t\t\t\t\t\t\t\t\t\t\t<span class=\"elementor-button-text\">Enviar<\/span>\n\t\t\t\t\t\t\t\t\t\t\t\t\t<\/span>\n\t\t\t\t\t<\/button>\n\t\t\t\t<\/div>\n\t\t\t<\/div>\n\t\t<\/form>\n\t\t\t\t\t\t<\/div>\n\t\t\t\t<\/div>\n\t\t\t\t<\/div>\n\t\t\t\t<\/div>\n\t\t\t\t<\/div>\n\t\t","protected":false},"excerpt":{"rendered":"<p>P\u00f3ngase en contacto El Laboratorio de Rob\u00f3tica est\u00e1 situado en el Campus de Legan\u00e9s de la Universidad Carlos III de Madrid, a unos 10 kil\u00f3metros al sur del centro de Madrid. Nuestras oficinas se encuentran en la tercera planta del edificio Agust\u00edn de Betancourt (marcado con el n\u00famero 1 en el mapa). La oficina Legan\u00e9s, [&hellip;]<\/p>\n","protected":false},"author":2,"featured_media":0,"parent":0,"menu_order":0,"comment_status":"closed","ping_status":"closed","template":"elementor_header_footer","meta":{"_acf_changed":false,"footnotes":""},"class_list":["post-9087","page","type-page","status-publish","hentry"],"acf":[],"yoast_head":"<!-- This site is optimized with the Yoast SEO plugin v25.3 - https:\/\/yoast.com\/wordpress\/plugins\/seo\/ -->\n<title>P\u00f3ngase en contacto con nosotros - Laboratorio de rob\u00f3tica<\/title>\n<meta name=\"robots\" content=\"noindex, follow, max-snippet:-1, max-image-preview:large, max-video-preview:-1\" \/>\n<meta property=\"og:locale\" content=\"es_ES\" \/>\n<meta property=\"og:type\" content=\"article\" \/>\n<meta property=\"og:title\" content=\"P\u00f3ngase en contacto con nosotros - Laboratorio de rob\u00f3tica\" \/>\n<meta property=\"og:description\" content=\"P\u00f3ngase en contacto El Laboratorio de Rob\u00f3tica est\u00e1 situado en el Campus de Legan\u00e9s de la Universidad Carlos III de Madrid, a unos 10 kil\u00f3metros al sur del centro de Madrid. Nuestras oficinas se encuentran en la tercera planta del edificio Agust\u00edn de Betancourt (marcado con el n\u00famero 1 en el mapa). La oficina Legan\u00e9s, [&hellip;]\" \/>\n<meta property=\"og:url\" content=\"https:\/\/roboticslab.uc3m.es\/contact-us\/\" \/>\n<meta property=\"og:site_name\" content=\"Laboratorio de rob\u00f3tica\" \/>\n<meta property=\"article:modified_time\" content=\"2024-05-09T18:50:47+00:00\" \/>\n<meta name=\"twitter:card\" content=\"summary_large_image\" \/>\n<meta name=\"twitter:label1\" content=\"Tiempo de lectura\" \/>\n\t<meta name=\"twitter:data1\" content=\"1 minuto\" \/>\n<script type=\"application\/ld+json\" class=\"yoast-schema-graph\">{\"@context\":\"https:\/\/schema.org\",\"@graph\":[{\"@type\":\"WebPage\",\"@id\":\"https:\/\/roboticslab.uc3m.es\/contact-us\/\",\"url\":\"https:\/\/roboticslab.uc3m.es\/contact-us\/\",\"name\":\"P\u00f3ngase en contacto con nosotros - Laboratorio de rob\u00f3tica\",\"isPartOf\":{\"@id\":\"https:\/\/roboticslab.uc3m.es\/#website\"},\"datePublished\":\"2013-08-14T22:12:02+00:00\",\"dateModified\":\"2024-05-09T18:50:47+00:00\",\"inLanguage\":\"es\",\"potentialAction\":[{\"@type\":\"ReadAction\",\"target\":[\"https:\/\/roboticslab.uc3m.es\/contact-us\/\"]}]},{\"@type\":\"WebSite\",\"@id\":\"https:\/\/roboticslab.uc3m.es\/#website\",\"url\":\"https:\/\/roboticslab.uc3m.es\/\",\"name\":\"Laboratorio de rob\u00f3tica\",\"description\":\"\",\"publisher\":{\"@id\":\"https:\/\/roboticslab.uc3m.es\/#organization\"},\"potentialAction\":[{\"@type\":\"SearchAction\",\"target\":{\"@type\":\"EntryPoint\",\"urlTemplate\":\"https:\/\/roboticslab.uc3m.es\/?s={search_term_string}\"},\"query-input\":{\"@type\":\"PropertyValueSpecification\",\"valueRequired\":true,\"valueName\":\"search_term_string\"}}],\"inLanguage\":\"es\"},{\"@type\":\"Organization\",\"@id\":\"https:\/\/roboticslab.uc3m.es\/#organization\",\"name\":\"Laboratorio de rob\u00f3tica\",\"url\":\"https:\/\/roboticslab.uc3m.es\/\",\"logo\":{\"@type\":\"ImageObject\",\"inLanguage\":\"es\",\"@id\":\"https:\/\/roboticslab.uc3m.es\/#\/schema\/logo\/image\/\",\"url\":\"https:\/\/roboticslab.uc3m.es\/wp-content\/uploads\/2024\/02\/cropped-logo_header_roboticslab_0_new-1.png\",\"contentUrl\":\"https:\/\/roboticslab.uc3m.es\/wp-content\/uploads\/2024\/02\/cropped-logo_header_roboticslab_0_new-1.png\",\"width\":304,\"height\":68,\"caption\":\"Laboratorio de rob\u00f3tica\"},\"image\":{\"@id\":\"https:\/\/roboticslab.uc3m.es\/#\/schema\/logo\/image\/\"}}]}<\/script>\n<!-- \/ Yoast SEO plugin. -->","yoast_head_json":{"title":"P\u00f3ngase en contacto con nosotros - Laboratorio de rob\u00f3tica","robots":{"index":"noindex","follow":"follow","max-snippet":"max-snippet:-1","max-image-preview":"max-image-preview:large","max-video-preview":"max-video-preview:-1"},"og_locale":"es_ES","og_type":"article","og_title":"P\u00f3ngase en contacto con nosotros - Laboratorio de rob\u00f3tica","og_description":"P\u00f3ngase en contacto El Laboratorio de Rob\u00f3tica est\u00e1 situado en el Campus de Legan\u00e9s de la Universidad Carlos III de Madrid, a unos 10 kil\u00f3metros al sur del centro de Madrid. Nuestras oficinas se encuentran en la tercera planta del edificio Agust\u00edn de Betancourt (marcado con el n\u00famero 1 en el mapa). La oficina Legan\u00e9s, [&hellip;]","og_url":"https:\/\/roboticslab.uc3m.es\/contact-us\/","og_site_name":"Laboratorio de rob\u00f3tica","article_modified_time":"2024-05-09T18:50:47+00:00","twitter_card":"summary_large_image","twitter_misc":{"Tiempo de lectura":"1 minuto"},"schema":{"@context":"https:\/\/schema.org","@graph":[{"@type":"WebPage","@id":"https:\/\/roboticslab.uc3m.es\/contact-us\/","url":"https:\/\/roboticslab.uc3m.es\/contact-us\/","name":"P\u00f3ngase en contacto con nosotros - Laboratorio de rob\u00f3tica","isPartOf":{"@id":"https:\/\/roboticslab.uc3m.es\/#website"},"datePublished":"2013-08-14T22:12:02+00:00","dateModified":"2024-05-09T18:50:47+00:00","inLanguage":"es","potentialAction":[{"@type":"ReadAction","target":["https:\/\/roboticslab.uc3m.es\/contact-us\/"]}]},{"@type":"WebSite","@id":"https:\/\/roboticslab.uc3m.es\/#website","url":"https:\/\/roboticslab.uc3m.es\/","name":"Laboratorio de rob\u00f3tica","description":"","publisher":{"@id":"https:\/\/roboticslab.uc3m.es\/#organization"},"potentialAction":[{"@type":"SearchAction","target":{"@type":"EntryPoint","urlTemplate":"https:\/\/roboticslab.uc3m.es\/?s={search_term_string}"},"query-input":{"@type":"PropertyValueSpecification","valueRequired":true,"valueName":"search_term_string"}}],"inLanguage":"es"},{"@type":"Organization","@id":"https:\/\/roboticslab.uc3m.es\/#organization","name":"Laboratorio de rob\u00f3tica","url":"https:\/\/roboticslab.uc3m.es\/","logo":{"@type":"ImageObject","inLanguage":"es","@id":"https:\/\/roboticslab.uc3m.es\/#\/schema\/logo\/image\/","url":"https:\/\/roboticslab.uc3m.es\/wp-content\/uploads\/2024\/02\/cropped-logo_header_roboticslab_0_new-1.png","contentUrl":"https:\/\/roboticslab.uc3m.es\/wp-content\/uploads\/2024\/02\/cropped-logo_header_roboticslab_0_new-1.png","width":304,"height":68,"caption":"Laboratorio de rob\u00f3tica"},"image":{"@id":"https:\/\/roboticslab.uc3m.es\/#\/schema\/logo\/image\/"}}]}},"_links":{"self":[{"href":"https:\/\/roboticslab.uc3m.es\/es\/wp-json\/wp\/v2\/pages\/9087","targetHints":{"allow":["GET"]}}],"collection":[{"href":"https:\/\/roboticslab.uc3m.es\/es\/wp-json\/wp\/v2\/pages"}],"about":[{"href":"https:\/\/roboticslab.uc3m.es\/es\/wp-json\/wp\/v2\/types\/page"}],"author":[{"embeddable":true,"href":"https:\/\/roboticslab.uc3m.es\/es\/wp-json\/wp\/v2\/users\/2"}],"replies":[{"embeddable":true,"href":"https:\/\/roboticslab.uc3m.es\/es\/wp-json\/wp\/v2\/comments?post=9087"}],"version-history":[{"count":11,"href":"https:\/\/roboticslab.uc3m.es\/es\/wp-json\/wp\/v2\/pages\/9087\/revisions"}],"predecessor-version":[{"id":11007,"href":"https:\/\/roboticslab.uc3m.es\/es\/wp-json\/wp\/v2\/pages\/9087\/revisions\/11007"}],"wp:attachment":[{"href":"https:\/\/roboticslab.uc3m.es\/es\/wp-json\/wp\/v2\/media?parent=9087"}],"curies":[{"name":"wp","href":"https:\/\/api.w.org\/{rel}","templated":true}]}}