{"id":9083,"date":"2014-05-03T10:35:00","date_gmt":"2014-05-03T10:35:00","guid":{"rendered":"https:\/\/roboticslab.uc3m.es\/quienes-somos\/"},"modified":"2024-05-29T16:44:06","modified_gmt":"2024-05-29T16:44:06","slug":"quienes-somos","status":"publish","type":"page","link":"https:\/\/roboticslab.uc3m.es\/es\/quienes-somos\/","title":{"rendered":"Qui\u00e9nes somos"},"content":{"rendered":"\t\t<div data-elementor-type=\"wp-page\" data-elementor-id=\"9083\" class=\"elementor elementor-9083 elementor-1077\" data-elementor-post-type=\"page\">\n\t\t\t\t<div class=\"elementor-element elementor-element-66b7bcc3 e-flex e-con-boxed e-con e-parent\" data-id=\"66b7bcc3\" data-element_type=\"container\" data-settings=\"{&quot;background_background&quot;:&quot;classic&quot;}\">\n\t\t\t\t\t<div class=\"e-con-inner\">\n\t\t<div class=\"elementor-element elementor-element-58793d9d e-flex e-con-boxed e-con e-child\" data-id=\"58793d9d\" data-element_type=\"container\">\n\t\t\t\t\t<div class=\"e-con-inner\">\n\t\t\t\t<div class=\"elementor-element elementor-element-2c4425d9 elementor-widget elementor-widget-heading\" data-id=\"2c4425d9\" data-element_type=\"widget\" data-widget_type=\"heading.default\">\n\t\t\t\t<div class=\"elementor-widget-container\">\n\t\t\t\t\t<h2 class=\"elementor-heading-title elementor-size-default\">\u00c9rase una vez...<\/h2>\t\t\t\t<\/div>\n\t\t\t\t<\/div>\n\t\t\t\t<div class=\"elementor-element elementor-element-5a9b936a elementor-widget elementor-widget-heading\" data-id=\"5a9b936a\" data-element_type=\"widget\" data-widget_type=\"heading.default\">\n\t\t\t\t<div class=\"elementor-widget-container\">\n\t\t\t\t\t<h2 class=\"elementor-heading-title elementor-size-default\">En 1981 participamos en la UPM<br>  en el desarrollo de uno de los primeros robots de Espa\u00f1a.<\/h2>\t\t\t\t<\/div>\n\t\t\t\t<\/div>\n\t\t\t\t<div class=\"elementor-element elementor-element-6d99b8a0 elementor-widget elementor-widget-text-editor\" data-id=\"6d99b8a0\" data-element_type=\"widget\" data-widget_type=\"text-editor.default\">\n\t\t\t\t<div class=\"elementor-widget-container\">\n\t\t\t\t\t\t\t\t\t<p><strong>El DISAM-0<\/strong> un robot de 3 DOF construido con piezas de marco de ventanas de aluminio, con motores de camiones y cables de bicicleta. El robot ten\u00eda un fuerte Parkinson pero utilizando un simple controlador P implementado en el microprocesador Z-80 de 8 bits, se elimin\u00f3 el error de posici\u00f3n. M\u00e1s tarde, en 1982, publicamos nuestro primer art\u00edculo sobre rob\u00f3tica<strong>.<\/strong><\/p>\n\t\t\t\t\t\t\t\t<\/div>\n\t\t\t\t<\/div>\n\t\t\t\t<div class=\"elementor-element elementor-element-6ff8c0e3 elementor-absolute elementor-view-default elementor-widget elementor-widget-icon\" data-id=\"6ff8c0e3\" data-element_type=\"widget\" data-settings=\"{&quot;_position&quot;:&quot;absolute&quot;}\" data-widget_type=\"icon.default\">\n\t\t\t\t<div class=\"elementor-widget-container\">\n\t\t\t\t\t\t\t<div class=\"elementor-icon-wrapper\">\n\t\t\t<div class=\"elementor-icon\">\n\t\t\t<svg xmlns=\"http:\/\/www.w3.org\/2000\/svg\" id=\"Layer_1\" width=\"41.7mm\" height=\"41.29mm\" viewBox=\"0 0 118.2 117.04\"><path d=\"M59.81,0c-1.23,0-2.46,.05-3.68,.13C24.97,1.37,0,27.09,0,58.56s26.23,58.49,58.49,58.49c4.14,0,8.21-.44,12.19-1.28,27.02-5.11,47.53-28.88,47.53-57.38C118.2,26.19,92.01,0,59.81,0Zm10.31,113.82c-3.35,.62-6.8,.96-10.33,.96h.01c-11.61,.99-23.38-4.24-23.38-4.24C16.2,101.93,2,81.88,2,58.56S16.36,14.95,36.75,6.42l.1,.05c8.61,4.44,15.78,10.79,21.11,18.38-6.55,9.77-10.22,21.42-10.22,33.69s3.63,23.8,10.11,33.53l1.27,1.71c5.06,6.58,12.27,13.48,19.52,17.54-2.78,1.07-5.63,1.89-8.53,2.5ZM59.18,26.65c6,9.27,9.35,20.22,9.35,31.74s-3.38,22.6-9.45,31.9c-5.99-9.27-9.33-20.22-9.33-31.74s3.38-22.59,9.43-31.9Zm0-3.54c-5.06-7.03-11.67-13-19.52-17.4,5.32-2.04,10.88-3.23,16.58-3.59h.01c.74-.03,1.49-.06,2.24-.06,6.96,0,13.73,1.25,20.17,3.72-7.82,4.39-14.42,10.33-19.48,17.33Z\"><\/path><\/svg>\t\t\t<\/div>\n\t\t<\/div>\n\t\t\t\t\t\t<\/div>\n\t\t\t\t<\/div>\n\t\t\t\t<div class=\"elementor-element elementor-element-2322767b elementor-absolute elementor-view-default elementor-widget elementor-widget-icon\" data-id=\"2322767b\" data-element_type=\"widget\" data-settings=\"{&quot;_position&quot;:&quot;absolute&quot;}\" data-widget_type=\"icon.default\">\n\t\t\t\t<div class=\"elementor-widget-container\">\n\t\t\t\t\t\t\t<div class=\"elementor-icon-wrapper\">\n\t\t\t<div class=\"elementor-icon\">\n\t\t\t<svg xmlns=\"http:\/\/www.w3.org\/2000\/svg\" viewBox=\"0 0 147 122\"><path fill-rule=\"evenodd\" clip-rule=\"evenodd\" d=\"M.048 84.306s0-.002.952-.306c.953-.304.952-.304.952-.305l.001.003.006.017.026.077a23.179 23.179 0 0 0 .653 1.601 37.612 37.612 0 0 0 2.489 4.577c2.382 3.773 6.336 8.755 12.604 13.536 12.517 9.548 34.382 18.381 71.678 14.998l.181 1.992c-37.703 3.42-60.089-5.496-73.072-15.399-6.481-4.945-10.59-10.113-13.082-14.06a39.606 39.606 0 0 1-2.621-4.821 25.13 25.13 0 0 1-.58-1.387 14.514 14.514 0 0 1-.174-.481l-.01-.03-.002-.009-.001-.002Z\"><\/path><path fill-rule=\"evenodd\" clip-rule=\"evenodd\" d=\"M19.632 86.317c18.432 32.747 59.924 44.346 92.671 25.913 32.747-18.432 44.346-59.924 25.914-92.67l-1.743.98c17.891 31.785 6.632 72.057-25.152 89.947-31.785 17.891-72.057 6.633-89.947-25.151l-1.743.98Z\"><\/path><path fill-rule=\"evenodd\" clip-rule=\"evenodd\" d=\"m19.205 84.262 112.54-63.358-12.733-1.31L6.467 82.953l12.738 1.31Zm.427 2.055 118.58-66.758-19.627-2.019L0 84.298l19.632 2.019Z\"><\/path><path d=\"M72.996 49.008c13.534 0 24.505-10.97 24.505-24.504C97.5 10.971 86.53 0 72.996 0 59.463 0 48.492 10.97 48.492 24.504s10.971 24.504 24.504 24.504Z\"><\/path><path fill-rule=\"evenodd\" clip-rule=\"evenodd\" d=\"M72.996 47.008c12.43 0 22.505-10.075 22.505-22.504C95.5 12.075 85.425 2 72.996 2 60.568 2 50.492 12.075 50.492 24.504c0 12.429 10.076 22.504 22.504 22.504Zm24.505-22.504c0 13.534-10.971 24.504-24.505 24.504-13.533 0-24.504-10.97-24.504-24.504C48.492 10.971 59.463 0 72.996 0 86.53 0 97.501 10.97 97.501 24.504Z\"><\/path><\/svg>\t\t\t<\/div>\n\t\t<\/div>\n\t\t\t\t\t\t<\/div>\n\t\t\t\t<\/div>\n\t\t\t\t\t<\/div>\n\t\t\t\t<\/div>\n\t\t\t\t\t<\/div>\n\t\t\t\t<\/div>\n\t\t<div class=\"elementor-element elementor-element-9d7edf3 e-flex e-con-boxed e-con e-parent\" data-id=\"9d7edf3\" data-element_type=\"container\" data-settings=\"{&quot;background_background&quot;:&quot;classic&quot;}\">\n\t\t\t\t\t<div class=\"e-con-inner\">\n\t\t<div class=\"elementor-element elementor-element-a227e8c e-con-full e-flex e-con e-child\" data-id=\"a227e8c\" data-element_type=\"container\" data-settings=\"{&quot;background_background&quot;:&quot;classic&quot;}\">\n\t\t\t\t<div class=\"elementor-element elementor-element-6ff5bec elementor-widget elementor-widget-heading\" data-id=\"6ff5bec\" data-element_type=\"widget\" data-widget_type=\"heading.default\">\n\t\t\t\t<div class=\"elementor-widget-container\">\n\t\t\t\t\t<h3 class=\"elementor-heading-title elementor-size-default\">Proyectos realizados<\/h3>\t\t\t\t<\/div>\n\t\t\t\t<\/div>\n\t\t\t\t<div class=\"elementor-element elementor-element-daee506 elementor-widget elementor-widget-text-editor\" data-id=\"daee506\" data-element_type=\"widget\" data-widget_type=\"text-editor.default\">\n\t\t\t\t<div class=\"elementor-widget-container\">\n\t\t\t\t\t\t\t\t\t<p>Desde estos d\u00edas se han realizado varias investigaciones y proyectos, algunos de ellos en DISAM de la UPM donde trabajamos hace varios a\u00f1os. Una de las primeras aplicaciones industriales de la rob\u00f3tica fue el proyecto SIRO (1984) para la empresa aeron\u00e1utica CASA (ahora EADS) para la inspecci\u00f3n de piezas de fibra de carbono de los aviones Airbus. El sistema, con algunas modificaciones, funciona hasta hoy. Otros desarrollos fueron el picking robotizado en un almac\u00e9n de tabaco (BUBI, 1986) y la fabricaci\u00f3n autom\u00e1tica de prefabricados para la industria de la construcci\u00f3n (GRC-Auto, 1992).<\/p>\n<p>En 1989 iniciamos las actividades de investigaci\u00f3n en las primeras fases de los proyectos de la Uni\u00f3n Europea. Los miembros del Robotics Lab son pioneros en los proyectos de I+D de la Uni\u00f3n Europea en el campo de la rob\u00f3tica. A principios de los a\u00f1os 90 se desarrollaron varios proyectos de la UE: El proyecto Esprit II PANORAMA (Sistemas de Percepci\u00f3n y Navegaci\u00f3n para Aplicaciones M\u00f3viles), y los proyectos Eureka SAMCA (F\u00e1brica Flexible de Zapatos), AMR (Robot M\u00f3vil Avanzado para la Seguridad P\u00fablica) y GEO (Sistema Robotizado de Gran Alcance). En 1992 se inici\u00f3 el proyecto Esprit III ROCCO (Robot Assembly System for Computer Integrated Construction).<\/p>\n<p>A principios de los 80 tambi\u00e9n se iniciaron otros proyectos de investigaci\u00f3n b\u00e1sica. Varios proyectos financiados por agencias gubernamentales y privadas espa\u00f1olas de I+D fueron: FMS\/2 (Flexible Manufacturing Systems, 1982), primer prototipo de sistema FMS desarrollado en Espa\u00f1a; VAD-1 (1983), nuestro primer robot m\u00f3vil (\u00a1ten\u00eda un sensor de ultrasonidos!);<br \/>DISAM E-65 DISAM E-65 (robot tipo Scara, 1984), primer prototipo industrial del robot; y Coco (Coordinated multirobot system, 1989), sistema rob\u00f3tico de dos brazos con control de fuerza\/par. Estos proyectos nos permitieron obtener conocimientos fundamentales en rob\u00f3tica.<\/p>\n\t\t\t\t\t\t\t\t<\/div>\n\t\t\t\t<\/div>\n\t\t\t\t<\/div>\n\t\t<div class=\"elementor-element elementor-element-ac7a36e e-con-full e-flex e-con e-child\" data-id=\"ac7a36e\" data-element_type=\"container\">\n\t\t<div class=\"elementor-element elementor-element-2ab5030 e-flex e-con-boxed e-con e-child\" data-id=\"2ab5030\" data-element_type=\"container\" data-settings=\"{&quot;background_background&quot;:&quot;classic&quot;}\">\n\t\t\t\t\t<div class=\"e-con-inner\">\n\t\t\t\t<div class=\"elementor-element elementor-element-2b5d133 elementor-widget elementor-widget-heading\" data-id=\"2b5d133\" data-element_type=\"widget\" data-widget_type=\"heading.default\">\n\t\t\t\t<div class=\"elementor-widget-container\">\n\t\t\t\t\t<h3 class=\"elementor-heading-title elementor-size-default\">Proyectos de la UE<\/h3>\t\t\t\t<\/div>\n\t\t\t\t<\/div>\n\t\t\t\t<div class=\"elementor-element elementor-element-1ccd147 elementor-widget elementor-widget-text-editor\" data-id=\"1ccd147\" data-element_type=\"widget\" data-widget_type=\"text-editor.default\">\n\t\t\t\t<div class=\"elementor-widget-container\">\n\t\t\t\t\t\t\t\t\t<p>En 1994 se iniciaron varios proyectos de la UE con participaci\u00f3n de miembros del Robotics Lab: Proyecto Esprit IV CEROS (Cost Effective Robot Control System, 1994), proyecto INTAS DYROS (Dynamical Robot 3D Simulation for Structures Assembly in Space, 1994) y proyectos Brite-Euram PSYCHO (Powerful Systems for Identification and Control of Highly Non-Linear Processes Using Neural Networks). Desde estos d\u00edas la historia se convirti\u00f3 en la actualidad, que se ve en nuestra p\u00e1gina web. Durante estos primeros a\u00f1os obtuvimos grandes conocimientos y experiencia en rob\u00f3tica, y recordamos estos d\u00edas duros y divertidos como inolvidables.<\/p>\n\t\t\t\t\t\t\t\t<\/div>\n\t\t\t\t<\/div>\n\t\t\t\t\t<\/div>\n\t\t\t\t<\/div>\n\t\t<div class=\"elementor-element elementor-element-679a1a3 e-flex e-con-boxed e-con e-child\" data-id=\"679a1a3\" data-element_type=\"container\">\n\t\t\t\t\t<div class=\"e-con-inner\">\n\t\t\t\t<div class=\"elementor-element elementor-element-18f8371 elementor-widget elementor-widget-heading\" data-id=\"18f8371\" data-element_type=\"widget\" data-widget_type=\"heading.default\">\n\t\t\t\t<div class=\"elementor-widget-container\">\n\t\t\t\t\t<h3 class=\"elementor-heading-title elementor-size-default\">La historia a trav\u00e9s de las im\u00e1genes<\/h3>\t\t\t\t<\/div>\n\t\t\t\t<\/div>\n\t\t\t\t<div class=\"elementor-element elementor-element-5b4eaaa elementor-widget elementor-widget-image-gallery\" data-id=\"5b4eaaa\" data-element_type=\"widget\" data-widget_type=\"image-gallery.default\">\n\t\t\t\t<div class=\"elementor-widget-container\">\n\t\t\t\t\t\t\t<div class=\"elementor-image-gallery\">\n\t\t\t<div id='gallery-1' class='gallery galleryid-9083 gallery-columns-4 gallery-size-thumbnail'><figure class='gallery-item'>\n\t\t\t<div class='gallery-icon portrait'>\n\t\t\t\t<a data-elementor-open-lightbox=\"yes\" data-elementor-lightbox-slideshow=\"5b4eaaa\" data-elementor-lightbox-title=\"Disam_3_Vad\" data-e-action-hash=\"#elementor-action%3Aaction%3Dlightbox%26settings%3DeyJpZCI6MTA4MywidXJsIjoiaHR0cHM6XC9cL3JvYm90aWNzbGFiLnVjM20uZXNcL3dwLWNvbnRlbnRcL3VwbG9hZHNcLzIwMTRcLzA1XC9EaXNhbV8zX1ZhZC5qcGciLCJzbGlkZXNob3ciOiI1YjRlYWFhIn0%3D\" href='https:\/\/roboticslab.uc3m.es\/es\/attachment-disam_3_vad-2\/'><img decoding=\"async\" width=\"150\" height=\"150\" src=\"https:\/\/roboticslab.uc3m.es\/wp-content\/uploads\/2014\/05\/Disam_3_Vad-150x150.jpg\" class=\"attachment-thumbnail size-thumbnail\" alt=\"\" \/><\/a>\n\t\t\t<\/div><\/figure><figure class='gallery-item'>\n\t\t\t<div class='gallery-icon landscape'>\n\t\t\t\t<a data-elementor-open-lightbox=\"yes\" data-elementor-lightbox-slideshow=\"5b4eaaa\" data-elementor-lightbox-title=\"Rocco\" data-e-action-hash=\"#elementor-action%3Aaction%3Dlightbox%26settings%3DeyJpZCI6MTA5OSwidXJsIjoiaHR0cHM6XC9cL3JvYm90aWNzbGFiLnVjM20uZXNcL3dwLWNvbnRlbnRcL3VwbG9hZHNcLzIwMTRcLzA1XC9Sb2Njby5qcGciLCJzbGlkZXNob3ciOiI1YjRlYWFhIn0%3D\" href='https:\/\/roboticslab.uc3m.es\/es\/attachment-rocco-2\/'><img decoding=\"async\" width=\"150\" height=\"150\" src=\"https:\/\/roboticslab.uc3m.es\/wp-content\/uploads\/2014\/05\/Rocco-150x150.jpg\" class=\"attachment-thumbnail size-thumbnail\" alt=\"\" \/><\/a>\n\t\t\t<\/div><\/figure><figure class='gallery-item'>\n\t\t\t<div class='gallery-icon landscape'>\n\t\t\t\t<a data-elementor-open-lightbox=\"yes\" data-elementor-lightbox-slideshow=\"5b4eaaa\" data-elementor-lightbox-title=\"Rocco2\" data-e-action-hash=\"#elementor-action%3Aaction%3Dlightbox%26settings%3DeyJpZCI6MTEwMSwidXJsIjoiaHR0cHM6XC9cL3JvYm90aWNzbGFiLnVjM20uZXNcL3dwLWNvbnRlbnRcL3VwbG9hZHNcLzIwMTRcLzA1XC9Sb2NjbzIuc2l6ZWRfLmpwZyIsInNsaWRlc2hvdyI6IjViNGVhYWEifQ%3D%3D\" href='https:\/\/roboticslab.uc3m.es\/es\/quienes-somos\/attachment\/attachment-rocco2-2\/'><img decoding=\"async\" width=\"150\" height=\"150\" src=\"https:\/\/roboticslab.uc3m.es\/wp-content\/uploads\/2014\/05\/Rocco2.sized_-150x150.jpg\" class=\"attachment-thumbnail size-thumbnail\" alt=\"\" \/><\/a>\n\t\t\t<\/div><\/figure><figure class='gallery-item'>\n\t\t\t<div class='gallery-icon landscape'>\n\t\t\t\t<a data-elementor-open-lightbox=\"yes\" data-elementor-lightbox-slideshow=\"5b4eaaa\" data-elementor-lightbox-title=\"Dyros\" data-e-action-hash=\"#elementor-action%3Aaction%3Dlightbox%26settings%3DeyJpZCI6MTA4NywidXJsIjoiaHR0cHM6XC9cL3JvYm90aWNzbGFiLnVjM20uZXNcL3dwLWNvbnRlbnRcL3VwbG9hZHNcLzIwMTRcLzA1XC9EeXJvcy5qcGciLCJzbGlkZXNob3ciOiI1YjRlYWFhIn0%3D\" href='https:\/\/roboticslab.uc3m.es\/es\/attachment-dyros-2\/'><img loading=\"lazy\" decoding=\"async\" width=\"150\" height=\"150\" src=\"https:\/\/roboticslab.uc3m.es\/wp-content\/uploads\/2014\/05\/Dyros-150x150.jpg\" class=\"attachment-thumbnail size-thumbnail\" alt=\"\" \/><\/a>\n\t\t\t<\/div><\/figure><figure class='gallery-item'>\n\t\t\t<div class='gallery-icon landscape'>\n\t\t\t\t<a data-elementor-open-lightbox=\"yes\" data-elementor-lightbox-slideshow=\"5b4eaaa\" data-elementor-lightbox-title=\"Rocco3\" data-e-action-hash=\"#elementor-action%3Aaction%3Dlightbox%26settings%3DeyJpZCI6MTEwMywidXJsIjoiaHR0cHM6XC9cL3JvYm90aWNzbGFiLnVjM20uZXNcL3dwLWNvbnRlbnRcL3VwbG9hZHNcLzIwMTRcLzA1XC9Sb2NjbzMuc2l6ZWRfLmpwZyIsInNsaWRlc2hvdyI6IjViNGVhYWEifQ%3D%3D\" href='https:\/\/roboticslab.uc3m.es\/es\/quienes-somos\/attachment\/attachment-rocco3-2\/'><img loading=\"lazy\" decoding=\"async\" width=\"150\" height=\"150\" src=\"https:\/\/roboticslab.uc3m.es\/wp-content\/uploads\/2014\/05\/Rocco3.sized_-150x150.jpg\" class=\"attachment-thumbnail size-thumbnail\" alt=\"\" \/><\/a>\n\t\t\t<\/div><\/figure><figure class='gallery-item'>\n\t\t\t<div class='gallery-icon landscape'>\n\t\t\t\t<a data-elementor-open-lightbox=\"yes\" data-elementor-lightbox-slideshow=\"5b4eaaa\" data-elementor-lightbox-title=\"SIRO_jpeg\" data-e-action-hash=\"#elementor-action%3Aaction%3Dlightbox%26settings%3DeyJpZCI6MTEwOSwidXJsIjoiaHR0cHM6XC9cL3JvYm90aWNzbGFiLnVjM20uZXNcL3dwLWNvbnRlbnRcL3VwbG9hZHNcLzIwMTRcLzA1XC9TSVJPX2pwZWcuanBnIiwic2xpZGVzaG93IjoiNWI0ZWFhYSJ9\" href='https:\/\/roboticslab.uc3m.es\/es\/attachment-siro_jpeg-2\/'><img loading=\"lazy\" decoding=\"async\" width=\"150\" height=\"150\" src=\"https:\/\/roboticslab.uc3m.es\/wp-content\/uploads\/2014\/05\/SIRO_jpeg-150x150.jpg\" class=\"attachment-thumbnail size-thumbnail\" alt=\"\" \/><\/a>\n\t\t\t<\/div><\/figure><figure class='gallery-item'>\n\t\t\t<div class='gallery-icon landscape'>\n\t\t\t\t<a data-elementor-open-lightbox=\"yes\" data-elementor-lightbox-slideshow=\"5b4eaaa\" data-elementor-lightbox-title=\"Samca\" data-e-action-hash=\"#elementor-action%3Aaction%3Dlightbox%26settings%3DeyJpZCI6MTEwNSwidXJsIjoiaHR0cHM6XC9cL3JvYm90aWNzbGFiLnVjM20uZXNcL3dwLWNvbnRlbnRcL3VwbG9hZHNcLzIwMTRcLzA1XC9TYW1jYS5qcGciLCJzbGlkZXNob3ciOiI1YjRlYWFhIn0%3D\" href='https:\/\/roboticslab.uc3m.es\/es\/attachment-samca-2\/'><img loading=\"lazy\" decoding=\"async\" width=\"150\" height=\"150\" src=\"https:\/\/roboticslab.uc3m.es\/wp-content\/uploads\/2014\/05\/Samca-150x150.jpg\" class=\"attachment-thumbnail size-thumbnail\" alt=\"\" \/><\/a>\n\t\t\t<\/div><\/figure><figure class='gallery-item'>\n\t\t\t<div class='gallery-icon portrait'>\n\t\t\t\t<a data-elementor-open-lightbox=\"yes\" data-elementor-lightbox-slideshow=\"5b4eaaa\" data-elementor-lightbox-title=\"DISAM_E_65_1\" data-e-action-hash=\"#elementor-action%3Aaction%3Dlightbox%26settings%3DeyJpZCI6MTA4NSwidXJsIjoiaHR0cHM6XC9cL3JvYm90aWNzbGFiLnVjM20uZXNcL3dwLWNvbnRlbnRcL3VwbG9hZHNcLzIwMTRcLzA1XC9ESVNBTV9FXzY1XzEuanBnIiwic2xpZGVzaG93IjoiNWI0ZWFhYSJ9\" href='https:\/\/roboticslab.uc3m.es\/es\/attachment-disam_e_65_1-2\/'><img loading=\"lazy\" decoding=\"async\" width=\"150\" height=\"150\" src=\"https:\/\/roboticslab.uc3m.es\/wp-content\/uploads\/2014\/05\/DISAM_E_65_1-150x150.jpg\" class=\"attachment-thumbnail size-thumbnail\" alt=\"\" \/><\/a>\n\t\t\t<\/div><\/figure>\n\t\t<\/div>\n\t\t<\/div>\n\t\t\t\t\t\t<\/div>\n\t\t\t\t<\/div>\n\t\t\t\t\t<\/div>\n\t\t\t\t<\/div>\n\t\t\t\t<\/div>\n\t\t\t\t\t<\/div>\n\t\t\t\t<\/div>\n\t\t\t\t<\/div>\n\t\t","protected":false},"excerpt":{"rendered":"<p>\u00c9rase una vez&#8230; En 1981 participamos en la UPM en el desarrollo de uno de los primeros robots de Espa\u00f1a. El DISAM-0 un robot de 3 DOF construido con piezas de marco de ventanas de aluminio, con motores de camiones y cables de bicicleta. El robot ten\u00eda un fuerte Parkinson pero utilizando un simple controlador [&hellip;]<\/p>\n","protected":false},"author":2,"featured_media":1079,"parent":0,"menu_order":0,"comment_status":"closed","ping_status":"closed","template":"elementor_header_footer","meta":{"_acf_changed":false,"footnotes":""},"class_list":["post-9083","page","type-page","status-publish","has-post-thumbnail","hentry"],"acf":[],"yoast_head":"<!-- This site is optimized with the Yoast SEO plugin v25.3 - https:\/\/yoast.com\/wordpress\/plugins\/seo\/ -->\n<title>Qui\u00e9nes somos - Laboratorio de rob\u00f3tica<\/title>\n<meta name=\"robots\" content=\"noindex, follow, max-snippet:-1, max-image-preview:large, max-video-preview:-1\" \/>\n<meta property=\"og:locale\" content=\"es_ES\" \/>\n<meta property=\"og:type\" content=\"article\" \/>\n<meta property=\"og:title\" content=\"Qui\u00e9nes somos - Laboratorio de rob\u00f3tica\" \/>\n<meta property=\"og:description\" content=\"\u00c9rase una vez&#8230; En 1981 participamos en la UPM en el desarrollo de uno de los primeros robots de Espa\u00f1a. El DISAM-0 un robot de 3 DOF construido con piezas de marco de ventanas de aluminio, con motores de camiones y cables de bicicleta. El robot ten\u00eda un fuerte Parkinson pero utilizando un simple controlador [&hellip;]\" \/>\n<meta property=\"og:url\" content=\"https:\/\/roboticslab.uc3m.es\/about-us\/\" \/>\n<meta property=\"og:site_name\" content=\"Laboratorio de rob\u00f3tica\" \/>\n<meta property=\"article:modified_time\" content=\"2024-05-29T16:44:06+00:00\" \/>\n<meta property=\"og:image\" content=\"https:\/\/roboticslab.uc3m.es\/wp-content\/uploads\/2014\/05\/AMR_jpeg.sized-1.jpg\" \/>\n\t<meta property=\"og:image:width\" content=\"523\" \/>\n\t<meta property=\"og:image:height\" content=\"640\" \/>\n\t<meta property=\"og:image:type\" content=\"image\/jpeg\" \/>\n<meta name=\"twitter:card\" content=\"summary_large_image\" \/>\n<meta name=\"twitter:label1\" content=\"Tiempo de lectura\" \/>\n\t<meta name=\"twitter:data1\" content=\"4 minutos\" \/>\n<script type=\"application\/ld+json\" class=\"yoast-schema-graph\">{\"@context\":\"https:\/\/schema.org\",\"@graph\":[{\"@type\":\"WebPage\",\"@id\":\"https:\/\/roboticslab.uc3m.es\/about-us\/\",\"url\":\"https:\/\/roboticslab.uc3m.es\/about-us\/\",\"name\":\"Qui\u00e9nes somos - Laboratorio de rob\u00f3tica\",\"isPartOf\":{\"@id\":\"https:\/\/roboticslab.uc3m.es\/#website\"},\"primaryImageOfPage\":{\"@id\":\"https:\/\/roboticslab.uc3m.es\/about-us\/#primaryimage\"},\"image\":{\"@id\":\"https:\/\/roboticslab.uc3m.es\/about-us\/#primaryimage\"},\"thumbnailUrl\":\"https:\/\/roboticslab.uc3m.es\/wp-content\/uploads\/2014\/05\/AMR_jpeg.sized-1.jpg\",\"datePublished\":\"2014-05-03T10:35:00+00:00\",\"dateModified\":\"2024-05-29T16:44:06+00:00\",\"inLanguage\":\"es\",\"potentialAction\":[{\"@type\":\"ReadAction\",\"target\":[\"https:\/\/roboticslab.uc3m.es\/about-us\/\"]}]},{\"@type\":\"ImageObject\",\"inLanguage\":\"es\",\"@id\":\"https:\/\/roboticslab.uc3m.es\/about-us\/#primaryimage\",\"url\":\"https:\/\/roboticslab.uc3m.es\/wp-content\/uploads\/2014\/05\/AMR_jpeg.sized-1.jpg\",\"contentUrl\":\"https:\/\/roboticslab.uc3m.es\/wp-content\/uploads\/2014\/05\/AMR_jpeg.sized-1.jpg\",\"width\":523,\"height\":640},{\"@type\":\"WebSite\",\"@id\":\"https:\/\/roboticslab.uc3m.es\/#website\",\"url\":\"https:\/\/roboticslab.uc3m.es\/\",\"name\":\"Laboratorio de rob\u00f3tica\",\"description\":\"\",\"publisher\":{\"@id\":\"https:\/\/roboticslab.uc3m.es\/#organization\"},\"potentialAction\":[{\"@type\":\"SearchAction\",\"target\":{\"@type\":\"EntryPoint\",\"urlTemplate\":\"https:\/\/roboticslab.uc3m.es\/?s={search_term_string}\"},\"query-input\":{\"@type\":\"PropertyValueSpecification\",\"valueRequired\":true,\"valueName\":\"search_term_string\"}}],\"inLanguage\":\"es\"},{\"@type\":\"Organization\",\"@id\":\"https:\/\/roboticslab.uc3m.es\/#organization\",\"name\":\"Laboratorio de rob\u00f3tica\",\"url\":\"https:\/\/roboticslab.uc3m.es\/\",\"logo\":{\"@type\":\"ImageObject\",\"inLanguage\":\"es\",\"@id\":\"https:\/\/roboticslab.uc3m.es\/#\/schema\/logo\/image\/\",\"url\":\"https:\/\/roboticslab.uc3m.es\/wp-content\/uploads\/2024\/02\/cropped-logo_header_roboticslab_0_new-1.png\",\"contentUrl\":\"https:\/\/roboticslab.uc3m.es\/wp-content\/uploads\/2024\/02\/cropped-logo_header_roboticslab_0_new-1.png\",\"width\":304,\"height\":68,\"caption\":\"Laboratorio de rob\u00f3tica\"},\"image\":{\"@id\":\"https:\/\/roboticslab.uc3m.es\/#\/schema\/logo\/image\/\"}}]}<\/script>\n<!-- \/ Yoast SEO plugin. -->","yoast_head_json":{"title":"Qui\u00e9nes somos - Laboratorio de rob\u00f3tica","robots":{"index":"noindex","follow":"follow","max-snippet":"max-snippet:-1","max-image-preview":"max-image-preview:large","max-video-preview":"max-video-preview:-1"},"og_locale":"es_ES","og_type":"article","og_title":"Qui\u00e9nes somos - Laboratorio de rob\u00f3tica","og_description":"\u00c9rase una vez&#8230; En 1981 participamos en la UPM en el desarrollo de uno de los primeros robots de Espa\u00f1a. El DISAM-0 un robot de 3 DOF construido con piezas de marco de ventanas de aluminio, con motores de camiones y cables de bicicleta. El robot ten\u00eda un fuerte Parkinson pero utilizando un simple controlador [&hellip;]","og_url":"https:\/\/roboticslab.uc3m.es\/about-us\/","og_site_name":"Laboratorio de rob\u00f3tica","article_modified_time":"2024-05-29T16:44:06+00:00","og_image":[{"width":523,"height":640,"url":"https:\/\/roboticslab.uc3m.es\/wp-content\/uploads\/2014\/05\/AMR_jpeg.sized-1.jpg","type":"image\/jpeg"}],"twitter_card":"summary_large_image","twitter_misc":{"Tiempo de lectura":"4 minutos"},"schema":{"@context":"https:\/\/schema.org","@graph":[{"@type":"WebPage","@id":"https:\/\/roboticslab.uc3m.es\/about-us\/","url":"https:\/\/roboticslab.uc3m.es\/about-us\/","name":"Qui\u00e9nes somos - Laboratorio de rob\u00f3tica","isPartOf":{"@id":"https:\/\/roboticslab.uc3m.es\/#website"},"primaryImageOfPage":{"@id":"https:\/\/roboticslab.uc3m.es\/about-us\/#primaryimage"},"image":{"@id":"https:\/\/roboticslab.uc3m.es\/about-us\/#primaryimage"},"thumbnailUrl":"https:\/\/roboticslab.uc3m.es\/wp-content\/uploads\/2014\/05\/AMR_jpeg.sized-1.jpg","datePublished":"2014-05-03T10:35:00+00:00","dateModified":"2024-05-29T16:44:06+00:00","inLanguage":"es","potentialAction":[{"@type":"ReadAction","target":["https:\/\/roboticslab.uc3m.es\/about-us\/"]}]},{"@type":"ImageObject","inLanguage":"es","@id":"https:\/\/roboticslab.uc3m.es\/about-us\/#primaryimage","url":"https:\/\/roboticslab.uc3m.es\/wp-content\/uploads\/2014\/05\/AMR_jpeg.sized-1.jpg","contentUrl":"https:\/\/roboticslab.uc3m.es\/wp-content\/uploads\/2014\/05\/AMR_jpeg.sized-1.jpg","width":523,"height":640},{"@type":"WebSite","@id":"https:\/\/roboticslab.uc3m.es\/#website","url":"https:\/\/roboticslab.uc3m.es\/","name":"Laboratorio de rob\u00f3tica","description":"","publisher":{"@id":"https:\/\/roboticslab.uc3m.es\/#organization"},"potentialAction":[{"@type":"SearchAction","target":{"@type":"EntryPoint","urlTemplate":"https:\/\/roboticslab.uc3m.es\/?s={search_term_string}"},"query-input":{"@type":"PropertyValueSpecification","valueRequired":true,"valueName":"search_term_string"}}],"inLanguage":"es"},{"@type":"Organization","@id":"https:\/\/roboticslab.uc3m.es\/#organization","name":"Laboratorio de rob\u00f3tica","url":"https:\/\/roboticslab.uc3m.es\/","logo":{"@type":"ImageObject","inLanguage":"es","@id":"https:\/\/roboticslab.uc3m.es\/#\/schema\/logo\/image\/","url":"https:\/\/roboticslab.uc3m.es\/wp-content\/uploads\/2024\/02\/cropped-logo_header_roboticslab_0_new-1.png","contentUrl":"https:\/\/roboticslab.uc3m.es\/wp-content\/uploads\/2024\/02\/cropped-logo_header_roboticslab_0_new-1.png","width":304,"height":68,"caption":"Laboratorio de rob\u00f3tica"},"image":{"@id":"https:\/\/roboticslab.uc3m.es\/#\/schema\/logo\/image\/"}}]}},"_links":{"self":[{"href":"https:\/\/roboticslab.uc3m.es\/es\/wp-json\/wp\/v2\/pages\/9083","targetHints":{"allow":["GET"]}}],"collection":[{"href":"https:\/\/roboticslab.uc3m.es\/es\/wp-json\/wp\/v2\/pages"}],"about":[{"href":"https:\/\/roboticslab.uc3m.es\/es\/wp-json\/wp\/v2\/types\/page"}],"author":[{"embeddable":true,"href":"https:\/\/roboticslab.uc3m.es\/es\/wp-json\/wp\/v2\/users\/2"}],"replies":[{"embeddable":true,"href":"https:\/\/roboticslab.uc3m.es\/es\/wp-json\/wp\/v2\/comments?post=9083"}],"version-history":[{"count":6,"href":"https:\/\/roboticslab.uc3m.es\/es\/wp-json\/wp\/v2\/pages\/9083\/revisions"}],"predecessor-version":[{"id":11105,"href":"https:\/\/roboticslab.uc3m.es\/es\/wp-json\/wp\/v2\/pages\/9083\/revisions\/11105"}],"wp:featuredmedia":[{"embeddable":true,"href":"https:\/\/roboticslab.uc3m.es\/es\/wp-json\/wp\/v2\/media\/1079"}],"wp:attachment":[{"href":"https:\/\/roboticslab.uc3m.es\/es\/wp-json\/wp\/v2\/media?parent=9083"}],"curies":[{"name":"wp","href":"https:\/\/api.w.org\/{rel}","templated":true}]}}