{"id":11099,"date":"2017-06-08T07:15:00","date_gmt":"2017-06-08T07:15:00","guid":{"rendered":"https:\/\/roboticslab.uc3m.es\/historias-de-exito-de-antiguos-alumnos\/"},"modified":"2024-05-29T16:42:11","modified_gmt":"2024-05-29T16:42:11","slug":"historias-de-exito-de-antiguos-alumnos","status":"publish","type":"page","link":"https:\/\/roboticslab.uc3m.es\/es\/historias-de-exito-de-antiguos-alumnos\/","title":{"rendered":"Historias de \u00e9xito de antiguos alumnos"},"content":{"rendered":"\t\t<div data-elementor-type=\"wp-page\" data-elementor-id=\"11099\" class=\"elementor elementor-11099 elementor-1112\" data-elementor-post-type=\"page\">\n\t\t\t\t<div class=\"elementor-element elementor-element-10ab1a71 e-con-full e-flex e-con e-parent\" data-id=\"10ab1a71\" data-element_type=\"container\">\n\t\t\t\t<div class=\"elementor-element elementor-element-2b299117 elementor-widget elementor-widget-text-editor\" data-id=\"2b299117\" data-element_type=\"widget\" data-widget_type=\"text-editor.default\">\n\t\t\t\t<div class=\"elementor-widget-container\">\n\t\t\t\t\t\t\t\t\t<p><img decoding=\"async\" class=\"alignleft wp-image-11078\" src=\"https:\/\/roboticslab.uc3m.es\/wp-content\/uploads\/2024\/05\/paolo_pierro-287x300.jpg\" alt=\"\" width=\"200\" height=\"209\" srcset=\"https:\/\/roboticslab.uc3m.es\/wp-content\/uploads\/2024\/05\/paolo_pierro-287x300.jpg 287w, https:\/\/roboticslab.uc3m.es\/wp-content\/uploads\/2024\/05\/paolo_pierro-979x1024.jpg 979w, https:\/\/roboticslab.uc3m.es\/wp-content\/uploads\/2024\/05\/paolo_pierro-768x803.jpg 768w, https:\/\/roboticslab.uc3m.es\/wp-content\/uploads\/2024\/05\/paolo_pierro.jpg 1273w\" sizes=\"(max-width: 200px) 100vw, 200px\" \/><\/p>\n<h2>Paolo Pierro<\/h2>\n<p><span style=\"color: #00ccff;\">Jefe de equipo de electr\u00f3nica en pista, Ferrari Formula1 Team<\/span><\/p>\n<p>El Dr. Paolo Pierro es ahora jefe del equipo de electr\u00f3nica en pista de la escuder\u00eda Ferrari de F\u00f3rmula 1. Su responsabilidad es crear un puente virtual entre los ingenieros de electr\u00f3nica y control de pista y el Departamento de Investigaci\u00f3n y Desarrollo situado en Maranello. Anteriormente fue Ingeniero de Control Residente del equipo de F1.<\/p>\n<p>Paolo entr\u00f3 en Ferrari en 2012 como Ingeniero Electr\u00f3nico para bancos de pruebas, encarg\u00e1ndose de evaluar nuevos componentes de hardware y software antes de su integraci\u00f3n en el coche. En 2014, pas\u00f3 directamente a la experiencia en competici\u00f3n, siendo el Ingeniero Electr\u00f3nico de la Unidad de Potencia Ferrari para Marussia y -desde 2015- para el equipo Sauber.<\/p>\n<p>Durante estos a\u00f1os desempe\u00f1\u00f3 un papel clave en la interfaz entre los equipos de los clientes y Ferrari para el software y el hardware de la electr\u00f3nica de las unidades de potencia.<\/p>\n<p>Trabajar en un equipo de carreras -y en Ferrari a\u00fan m\u00e1s- requiere muchas habilidades y competencias especiales: valor para el desaf\u00edo, capacidad de comunicaci\u00f3n, resoluci\u00f3n de problemas, colaboraci\u00f3n en equipo y pensamiento decisivo. RoboticsLab puede cultivar realmente a los alumnos dot\u00e1ndoles de estas habilidades.<\/p>\n<p>Paolo entr\u00f3 en RoboticsLab en 2006, como reci\u00e9n licenciado en Ingenier\u00eda Electr\u00f3nica con una s\u00f3lida formaci\u00f3n te\u00f3rica, pero sin experiencia pr\u00e1ctica real.<\/p>\n<p>En el RoboticsLab, su investigaci\u00f3n se ha centrado en muchos aspectos de la ingenier\u00eda de control: Sistemas no lineales, sistemas rob\u00f3ticos y modelado de sistemas, entre otros. En concreto, dedic\u00f3 sus estudios a los robots humanoides destinados a colaborar con humanos en diversos entornos de trabajo. Se hizo un esfuerzo importante para equilibrar la estructura humanoide. La modelizaci\u00f3n y el control de sistemas tan complejos dieron a Paolo una s\u00f3lida formaci\u00f3n que necesit\u00f3 m\u00e1s adelante.<\/p>\n<p>Pero RoboticsLab no es s\u00f3lo pura tecnolog\u00eda: estudiar y trabajar en RoboticsLab significa vivir la actitud RoboticsLab: un entorno internacional, cr\u00edtico y apasionante ayuda a las personas a aumentar su curiosidad, desarrollo y capacidad de an\u00e1lisis.<\/p>\n\t\t\t\t\t\t\t\t<\/div>\n\t\t\t\t<\/div>\n\t\t\t\t<div class=\"elementor-element elementor-element-9895fdc elementor-widget-divider--view-line elementor-widget elementor-widget-divider\" data-id=\"9895fdc\" data-element_type=\"widget\" data-widget_type=\"divider.default\">\n\t\t\t\t<div class=\"elementor-widget-container\">\n\t\t\t\t\t\t\t<div class=\"elementor-divider\">\n\t\t\t<span class=\"elementor-divider-separator\">\n\t\t\t\t\t\t<\/span>\n\t\t<\/div>\n\t\t\t\t\t\t<\/div>\n\t\t\t\t<\/div>\n\t\t\t\t<div class=\"elementor-element elementor-element-404db62 elementor-widget elementor-widget-text-editor\" data-id=\"404db62\" data-element_type=\"widget\" data-widget_type=\"text-editor.default\">\n\t\t\t\t<div class=\"elementor-widget-container\">\n\t\t\t\t\t\t\t\t\t<p><img decoding=\"async\" class=\"alignleft wp-image-11086\" src=\"https:\/\/roboticslab.uc3m.es\/wp-content\/uploads\/2024\/05\/miguel_gonzalez_fierro.png\" alt=\"\" width=\"200\" height=\"220\" srcset=\"https:\/\/roboticslab.uc3m.es\/wp-content\/uploads\/2024\/05\/miguel_gonzalez_fierro.png 302w, https:\/\/roboticslab.uc3m.es\/wp-content\/uploads\/2024\/05\/miguel_gonzalez_fierro-273x300.png 273w\" sizes=\"(max-width: 200px) 100vw, 200px\" \/><\/p>\n<h2>Miguel Gonz\u00e1lez-Fierro<\/h2>\n<p class=\"position\"><span style=\"color: #00ccff;\">Cient\u00edfico de datos e IA, Microsoft UK<\/span><\/p>\n<p>Me llamo Miguel Gonz\u00e1lez-Fierro y nac\u00ed en Madrid, Espa\u00f1a. Trabajo como cient\u00edfico de datos en Microsoft UK. Mi trabajo consiste en ayudar a los clientes a aprovechar sus procesos mediante el uso de Bid Data y Machine Learning.<\/p>\n<p>Antes de incorporarme a Microsoft fui Consejero Delegado y fundador de Samsamia Technologies. Creamos un buscador visual de art\u00edculos de moda que permite encontrar productos utilizando im\u00e1genes en lugar de palabras. Antes de eso fui fundador de la Sociedad de Rob\u00f3tica de la Universidad Carlos III donde desarrollamos diferentes proyectos relacionados con UAVs, robots m\u00f3viles, competiciones de peque\u00f1os humanoides e impresoras 3D. Tambi\u00e9n he trabajado como cient\u00edfico especializado en rob\u00f3tica en el Robotics Lab de la Universidad Carlos III de Madrid (UC3M) y en el King&#8217;s College de Londres (KCL). Aqu\u00ed ten\u00e9is mi p\u00e1gina web de la UC3M y de KCL.<\/p>\n<p>Tengo un MSc. en Ingenier\u00eda El\u00e9ctrica, Msc. en Rob\u00f3tica y un doctorado en Rob\u00f3tica. Mis l\u00edneas de investigaci\u00f3n fueron el aprendizaje autom\u00e1tico, la visi\u00f3n por ordenador, el control cinem\u00e1tico y din\u00e1mico de robots humanoides, el aprendizaje a partir de la demostraci\u00f3n y el aprendizaje por refuerzo. Trabaj\u00e9 sobre todo con el humanoide HOAP-3. Este es mi canal de youtube donde puedes encontrar v\u00eddeos de algunos de los experimentos de mi investigaci\u00f3n. Tambi\u00e9n tengo un blog donde hablo de aprendizaje autom\u00e1tico, inteligencia artificial y negocios t\u00e9cnicos.<\/p>\n\t\t\t\t\t\t\t\t<\/div>\n\t\t\t\t<\/div>\n\t\t\t\t<div class=\"elementor-element elementor-element-1920c92 elementor-widget-divider--view-line elementor-widget elementor-widget-divider\" data-id=\"1920c92\" data-element_type=\"widget\" data-widget_type=\"divider.default\">\n\t\t\t\t<div class=\"elementor-widget-container\">\n\t\t\t\t\t\t\t<div class=\"elementor-divider\">\n\t\t\t<span class=\"elementor-divider-separator\">\n\t\t\t\t\t\t<\/span>\n\t\t<\/div>\n\t\t\t\t\t\t<\/div>\n\t\t\t\t<\/div>\n\t\t\t\t<div class=\"elementor-element elementor-element-9f1ca23 elementor-widget elementor-widget-text-editor\" data-id=\"9f1ca23\" data-element_type=\"widget\" data-widget_type=\"text-editor.default\">\n\t\t\t\t<div class=\"elementor-widget-container\">\n\t\t\t\t\t\t\t\t\t<h2><img decoding=\"async\" class=\"alignleft wp-image-11088 size-full\" src=\"https:\/\/roboticslab.uc3m.es\/wp-content\/uploads\/2024\/05\/picture-78-1644259210.jpg\" alt=\"\" width=\"200\" height=\"200\" srcset=\"https:\/\/roboticslab.uc3m.es\/wp-content\/uploads\/2024\/05\/picture-78-1644259210.jpg 200w, https:\/\/roboticslab.uc3m.es\/wp-content\/uploads\/2024\/05\/picture-78-1644259210-150x150.jpg 150w\" sizes=\"(max-width: 200px) 100vw, 200px\" \/>Diego Fern\u00e1ndez<\/h2>\n<p class=\"position\"><span style=\"color: #00ccff;\">Fundador y presidente de ARQUIMEA<\/span><\/p>\n<p>Diego Fern\u00e1ndez es el fundador y presidente de Arquimea. En 2005 fund\u00f3 Arquimea, una empresa de tecnolog\u00eda aplicada al sector espacial, a partir de una patente basada en la tecnolog\u00eda de aleaciones con memoria de forma (SMA). Quince a\u00f1os despu\u00e9s, dirige un grupo tecnol\u00f3gico presente en sectores como Espacio e Industria, Biotecnolog\u00eda, Transporte, Defensa y Seguridad o Fintech. Kaudal, empresa de la que Diego Fern\u00e1ndez es tambi\u00e9n Presidente, es la marca que representa la propuesta de valor del grupo en el sector Fintech.<\/p>\n<p>Es Ingeniero de Telecomunicaciones y Doctor en Rob\u00f3tica por la Universidad Carlos III de Madrid, autor de varias patentes y ha recibido varios premios en reconocimiento a su trayectoria como ingeniero y emprendedor. El \u00faltimo se lo ha concedido la revista Forbes, que lo considera una de las 100 mentes m\u00e1s creativas del mundo de los negocios en Espa\u00f1a.<\/p>\n\t\t\t\t\t\t\t\t<\/div>\n\t\t\t\t<\/div>\n\t\t\t\t<\/div>\n\t\t\t\t<\/div>\n\t\t","protected":false},"excerpt":{"rendered":"<p>Paolo Pierro Jefe de equipo de electr\u00f3nica en pista, Ferrari Formula1 Team El Dr. Paolo Pierro es ahora jefe del equipo de electr\u00f3nica en pista de la escuder\u00eda Ferrari de F\u00f3rmula 1. Su responsabilidad es crear un puente virtual entre los ingenieros de electr\u00f3nica y control de pista y el Departamento de Investigaci\u00f3n y Desarrollo [&hellip;]<\/p>\n","protected":false},"author":61,"featured_media":0,"parent":0,"menu_order":0,"comment_status":"closed","ping_status":"closed","template":"elementor_header_footer","meta":{"_acf_changed":false,"footnotes":""},"class_list":["post-11099","page","type-page","status-publish","hentry"],"acf":[],"yoast_head":"<!-- This site is optimized with the Yoast SEO plugin v25.3 - https:\/\/yoast.com\/wordpress\/plugins\/seo\/ -->\n<title>Historias de \u00e9xito de antiguos alumnos - Laboratorio de rob\u00f3tica<\/title>\n<meta name=\"robots\" content=\"noindex, follow, max-snippet:-1, max-image-preview:large, max-video-preview:-1\" \/>\n<meta property=\"og:locale\" content=\"es_ES\" \/>\n<meta property=\"og:type\" content=\"article\" \/>\n<meta property=\"og:title\" content=\"Historias de \u00e9xito de antiguos alumnos - Laboratorio de rob\u00f3tica\" \/>\n<meta property=\"og:description\" content=\"Paolo Pierro Jefe de equipo de electr\u00f3nica en pista, Ferrari Formula1 Team El Dr. Paolo Pierro es ahora jefe del equipo de electr\u00f3nica en pista de la escuder\u00eda Ferrari de F\u00f3rmula 1. Su responsabilidad es crear un puente virtual entre los ingenieros de electr\u00f3nica y control de pista y el Departamento de Investigaci\u00f3n y Desarrollo [&hellip;]\" \/>\n<meta property=\"og:url\" content=\"https:\/\/roboticslab.uc3m.es\/es\/historias-de-exito-de-antiguos-alumnos\/\" \/>\n<meta property=\"og:site_name\" content=\"Laboratorio de rob\u00f3tica\" \/>\n<meta property=\"article:modified_time\" content=\"2024-05-29T16:42:11+00:00\" \/>\n<meta property=\"og:image\" content=\"https:\/\/roboticslab.uc3m.es\/wp-content\/uploads\/2024\/05\/paolo_pierro-287x300.jpg\" \/>\n<meta name=\"twitter:card\" content=\"summary_large_image\" \/>\n<meta name=\"twitter:label1\" content=\"Tiempo de lectura\" \/>\n\t<meta name=\"twitter:data1\" content=\"4 minutos\" \/>\n<script type=\"application\/ld+json\" class=\"yoast-schema-graph\">{\"@context\":\"https:\/\/schema.org\",\"@graph\":[{\"@type\":\"WebPage\",\"@id\":\"https:\/\/roboticslab.uc3m.es\/es\/historias-de-exito-de-antiguos-alumnos\/\",\"url\":\"https:\/\/roboticslab.uc3m.es\/es\/historias-de-exito-de-antiguos-alumnos\/\",\"name\":\"Historias de \u00e9xito de antiguos alumnos - Laboratorio de rob\u00f3tica\",\"isPartOf\":{\"@id\":\"https:\/\/roboticslab.uc3m.es\/#website\"},\"primaryImageOfPage\":{\"@id\":\"https:\/\/roboticslab.uc3m.es\/es\/historias-de-exito-de-antiguos-alumnos\/#primaryimage\"},\"image\":{\"@id\":\"https:\/\/roboticslab.uc3m.es\/es\/historias-de-exito-de-antiguos-alumnos\/#primaryimage\"},\"thumbnailUrl\":\"https:\/\/roboticslab.uc3m.es\/wp-content\/uploads\/2024\/05\/paolo_pierro-287x300.jpg\",\"datePublished\":\"2017-06-08T07:15:00+00:00\",\"dateModified\":\"2024-05-29T16:42:11+00:00\",\"inLanguage\":\"es\",\"potentialAction\":[{\"@type\":\"ReadAction\",\"target\":[\"https:\/\/roboticslab.uc3m.es\/es\/historias-de-exito-de-antiguos-alumnos\/\"]}]},{\"@type\":\"ImageObject\",\"inLanguage\":\"es\",\"@id\":\"https:\/\/roboticslab.uc3m.es\/es\/historias-de-exito-de-antiguos-alumnos\/#primaryimage\",\"url\":\"https:\/\/roboticslab.uc3m.es\/wp-content\/uploads\/2024\/05\/paolo_pierro-287x300.jpg\",\"contentUrl\":\"https:\/\/roboticslab.uc3m.es\/wp-content\/uploads\/2024\/05\/paolo_pierro-287x300.jpg\"},{\"@type\":\"WebSite\",\"@id\":\"https:\/\/roboticslab.uc3m.es\/#website\",\"url\":\"https:\/\/roboticslab.uc3m.es\/\",\"name\":\"Laboratorio de rob\u00f3tica\",\"description\":\"\",\"publisher\":{\"@id\":\"https:\/\/roboticslab.uc3m.es\/#organization\"},\"potentialAction\":[{\"@type\":\"SearchAction\",\"target\":{\"@type\":\"EntryPoint\",\"urlTemplate\":\"https:\/\/roboticslab.uc3m.es\/?s={search_term_string}\"},\"query-input\":{\"@type\":\"PropertyValueSpecification\",\"valueRequired\":true,\"valueName\":\"search_term_string\"}}],\"inLanguage\":\"es\"},{\"@type\":\"Organization\",\"@id\":\"https:\/\/roboticslab.uc3m.es\/#organization\",\"name\":\"Laboratorio de rob\u00f3tica\",\"url\":\"https:\/\/roboticslab.uc3m.es\/\",\"logo\":{\"@type\":\"ImageObject\",\"inLanguage\":\"es\",\"@id\":\"https:\/\/roboticslab.uc3m.es\/#\/schema\/logo\/image\/\",\"url\":\"https:\/\/roboticslab.uc3m.es\/wp-content\/uploads\/2024\/02\/cropped-logo_header_roboticslab_0_new-1.png\",\"contentUrl\":\"https:\/\/roboticslab.uc3m.es\/wp-content\/uploads\/2024\/02\/cropped-logo_header_roboticslab_0_new-1.png\",\"width\":304,\"height\":68,\"caption\":\"Laboratorio de rob\u00f3tica\"},\"image\":{\"@id\":\"https:\/\/roboticslab.uc3m.es\/#\/schema\/logo\/image\/\"}}]}<\/script>\n<!-- \/ Yoast SEO plugin. -->","yoast_head_json":{"title":"Historias de \u00e9xito de antiguos alumnos - Laboratorio de rob\u00f3tica","robots":{"index":"noindex","follow":"follow","max-snippet":"max-snippet:-1","max-image-preview":"max-image-preview:large","max-video-preview":"max-video-preview:-1"},"og_locale":"es_ES","og_type":"article","og_title":"Historias de \u00e9xito de antiguos alumnos - Laboratorio de rob\u00f3tica","og_description":"Paolo Pierro Jefe de equipo de electr\u00f3nica en pista, Ferrari Formula1 Team El Dr. Paolo Pierro es ahora jefe del equipo de electr\u00f3nica en pista de la escuder\u00eda Ferrari de F\u00f3rmula 1. Su responsabilidad es crear un puente virtual entre los ingenieros de electr\u00f3nica y control de pista y el Departamento de Investigaci\u00f3n y Desarrollo [&hellip;]","og_url":"https:\/\/roboticslab.uc3m.es\/es\/historias-de-exito-de-antiguos-alumnos\/","og_site_name":"Laboratorio de rob\u00f3tica","article_modified_time":"2024-05-29T16:42:11+00:00","og_image":[{"url":"https:\/\/roboticslab.uc3m.es\/wp-content\/uploads\/2024\/05\/paolo_pierro-287x300.jpg","type":"","width":"","height":""}],"twitter_card":"summary_large_image","twitter_misc":{"Tiempo de lectura":"4 minutos"},"schema":{"@context":"https:\/\/schema.org","@graph":[{"@type":"WebPage","@id":"https:\/\/roboticslab.uc3m.es\/es\/historias-de-exito-de-antiguos-alumnos\/","url":"https:\/\/roboticslab.uc3m.es\/es\/historias-de-exito-de-antiguos-alumnos\/","name":"Historias de \u00e9xito de antiguos alumnos - Laboratorio de rob\u00f3tica","isPartOf":{"@id":"https:\/\/roboticslab.uc3m.es\/#website"},"primaryImageOfPage":{"@id":"https:\/\/roboticslab.uc3m.es\/es\/historias-de-exito-de-antiguos-alumnos\/#primaryimage"},"image":{"@id":"https:\/\/roboticslab.uc3m.es\/es\/historias-de-exito-de-antiguos-alumnos\/#primaryimage"},"thumbnailUrl":"https:\/\/roboticslab.uc3m.es\/wp-content\/uploads\/2024\/05\/paolo_pierro-287x300.jpg","datePublished":"2017-06-08T07:15:00+00:00","dateModified":"2024-05-29T16:42:11+00:00","inLanguage":"es","potentialAction":[{"@type":"ReadAction","target":["https:\/\/roboticslab.uc3m.es\/es\/historias-de-exito-de-antiguos-alumnos\/"]}]},{"@type":"ImageObject","inLanguage":"es","@id":"https:\/\/roboticslab.uc3m.es\/es\/historias-de-exito-de-antiguos-alumnos\/#primaryimage","url":"https:\/\/roboticslab.uc3m.es\/wp-content\/uploads\/2024\/05\/paolo_pierro-287x300.jpg","contentUrl":"https:\/\/roboticslab.uc3m.es\/wp-content\/uploads\/2024\/05\/paolo_pierro-287x300.jpg"},{"@type":"WebSite","@id":"https:\/\/roboticslab.uc3m.es\/#website","url":"https:\/\/roboticslab.uc3m.es\/","name":"Laboratorio de rob\u00f3tica","description":"","publisher":{"@id":"https:\/\/roboticslab.uc3m.es\/#organization"},"potentialAction":[{"@type":"SearchAction","target":{"@type":"EntryPoint","urlTemplate":"https:\/\/roboticslab.uc3m.es\/?s={search_term_string}"},"query-input":{"@type":"PropertyValueSpecification","valueRequired":true,"valueName":"search_term_string"}}],"inLanguage":"es"},{"@type":"Organization","@id":"https:\/\/roboticslab.uc3m.es\/#organization","name":"Laboratorio de rob\u00f3tica","url":"https:\/\/roboticslab.uc3m.es\/","logo":{"@type":"ImageObject","inLanguage":"es","@id":"https:\/\/roboticslab.uc3m.es\/#\/schema\/logo\/image\/","url":"https:\/\/roboticslab.uc3m.es\/wp-content\/uploads\/2024\/02\/cropped-logo_header_roboticslab_0_new-1.png","contentUrl":"https:\/\/roboticslab.uc3m.es\/wp-content\/uploads\/2024\/02\/cropped-logo_header_roboticslab_0_new-1.png","width":304,"height":68,"caption":"Laboratorio de rob\u00f3tica"},"image":{"@id":"https:\/\/roboticslab.uc3m.es\/#\/schema\/logo\/image\/"}}]}},"_links":{"self":[{"href":"https:\/\/roboticslab.uc3m.es\/es\/wp-json\/wp\/v2\/pages\/11099","targetHints":{"allow":["GET"]}}],"collection":[{"href":"https:\/\/roboticslab.uc3m.es\/es\/wp-json\/wp\/v2\/pages"}],"about":[{"href":"https:\/\/roboticslab.uc3m.es\/es\/wp-json\/wp\/v2\/types\/page"}],"author":[{"embeddable":true,"href":"https:\/\/roboticslab.uc3m.es\/es\/wp-json\/wp\/v2\/users\/61"}],"replies":[{"embeddable":true,"href":"https:\/\/roboticslab.uc3m.es\/es\/wp-json\/wp\/v2\/comments?post=11099"}],"version-history":[{"count":3,"href":"https:\/\/roboticslab.uc3m.es\/es\/wp-json\/wp\/v2\/pages\/11099\/revisions"}],"predecessor-version":[{"id":11102,"href":"https:\/\/roboticslab.uc3m.es\/es\/wp-json\/wp\/v2\/pages\/11099\/revisions\/11102"}],"wp:attachment":[{"href":"https:\/\/roboticslab.uc3m.es\/es\/wp-json\/wp\/v2\/media?parent=11099"}],"curies":[{"name":"wp","href":"https:\/\/api.w.org\/{rel}","templated":true}]}}