{"id":10741,"date":"2024-04-18T16:06:23","date_gmt":"2024-04-18T16:06:23","guid":{"rendered":"https:\/\/roboticslab.uc3m.es\/tipos-de-robots-aplicaciones\/"},"modified":"2024-05-09T13:28:26","modified_gmt":"2024-05-09T13:28:26","slug":"tipos-de-robots-aplicaciones","status":"publish","type":"page","link":"https:\/\/roboticslab.uc3m.es\/es\/tipos-de-robots-aplicaciones\/","title":{"rendered":"Tipos de robots Aplicaciones"},"content":{"rendered":"\t\t<div data-elementor-type=\"wp-page\" data-elementor-id=\"10741\" class=\"elementor elementor-10741 elementor-9436\" data-elementor-post-type=\"page\">\n\t\t\t\t<div class=\"elementor-element elementor-element-55e7152 e-con-full e-flex e-con e-parent\" data-id=\"55e7152\" data-element_type=\"container\" data-settings=\"{&quot;background_background&quot;:&quot;classic&quot;}\">\n\t\t<div class=\"elementor-element elementor-element-13ea17c e-con-full e-flex e-con e-child\" data-id=\"13ea17c\" data-element_type=\"container\">\n\t\t\t\t<div class=\"elementor-element elementor-element-5062f18 elementor-widget elementor-widget-heading\" data-id=\"5062f18\" data-element_type=\"widget\" data-widget_type=\"heading.default\">\n\t\t\t\t<div class=\"elementor-widget-container\">\n\t\t\t\t\t<h2 class=\"elementor-heading-title elementor-size-default\">Tipos de robots y aplicaciones<\/h2>\t\t\t\t<\/div>\n\t\t\t\t<\/div>\n\t\t\t\t<\/div>\n\t\t<div class=\"elementor-element elementor-element-f403b42 e-con-full e-flex e-con e-child\" data-id=\"f403b42\" data-element_type=\"container\">\n\t\t\t\t<div class=\"elementor-element elementor-element-ecba33a elementor-search-form--skin-classic elementor-search-form--button-type-icon elementor-search-form--icon-search elementor-widget elementor-widget-search-form\" data-id=\"ecba33a\" data-element_type=\"widget\" data-settings=\"{&quot;skin&quot;:&quot;classic&quot;}\" data-widget_type=\"search-form.default\">\n\t\t\t\t<div class=\"elementor-widget-container\">\n\t\t\t\t\t\t\t<search role=\"search\">\n\t\t\t<form class=\"elementor-search-form\" action=\"https:\/\/roboticslab.uc3m.es\/es\/\" method=\"get\">\n\t\t\t\t\t\t\t\t\t\t\t\t<div class=\"elementor-search-form__container\">\n\t\t\t\t\t<label class=\"elementor-screen-only\" for=\"elementor-search-form-ecba33a\">Buscar<\/label>\n\n\t\t\t\t\t\n\t\t\t\t\t<input id=\"elementor-search-form-ecba33a\" placeholder=\"Buscar Tipos de robots y aplicaciones...\" class=\"elementor-search-form__input\" type=\"search\" name=\"s\" value=\"\">\n\t\t\t\t\t<input type='hidden' name='lang' value='es' \/>\n\t\t\t\t\t\t\t\t\t\t\t<button class=\"elementor-search-form__submit\" type=\"submit\" aria-label=\"Buscar\">\n\t\t\t\t\t\t\t\t\t\t\t\t\t\t\t<div class=\"e-font-icon-svg-container\"><svg class=\"fa fa-search e-font-icon-svg e-fas-search\" viewBox=\"0 0 512 512\" xmlns=\"http:\/\/www.w3.org\/2000\/svg\"><path d=\"M505 442.7L405.3 343c-4.5-4.5-10.6-7-17-7H372c27.6-35.3 44-79.7 44-128C416 93.1 322.9 0 208 0S0 93.1 0 208s93.1 208 208 208c48.3 0 92.7-16.4 128-44v16.3c0 6.4 2.5 12.5 7 17l99.7 99.7c9.4 9.4 24.6 9.4 33.9 0l28.3-28.3c9.4-9.4 9.4-24.6.1-34zM208 336c-70.7 0-128-57.2-128-128 0-70.7 57.2-128 128-128 70.7 0 128 57.2 128 128 0 70.7-57.2 128-128 128z\"><\/path><\/svg><\/div>\t\t\t\t\t\t\t\t\t\t\t\t\t<\/button>\n\t\t\t\t\t\n\t\t\t\t\t\t\t\t\t<\/div>\n\t\t\t<\/form>\n\t\t<\/search>\n\t\t\t\t\t\t<\/div>\n\t\t\t\t<\/div>\n\t\t<div class=\"elementor-element elementor-element-0a413ba e-flex e-con-boxed e-con e-child\" data-id=\"0a413ba\" data-element_type=\"container\" data-settings=\"{&quot;background_background&quot;:&quot;classic&quot;}\">\n\t\t\t\t\t<div class=\"e-con-inner\">\n\t\t\t\t<div class=\"elementor-element elementor-element-36d9534 elementor-widget elementor-widget-heading\" data-id=\"36d9534\" data-element_type=\"widget\" data-widget_type=\"heading.default\">\n\t\t\t\t<div class=\"elementor-widget-container\">\n\t\t\t\t\t<h2 class=\"elementor-heading-title elementor-size-default\">Las \u00faltimas Noticias<\/h2>\t\t\t\t<\/div>\n\t\t\t\t<\/div>\n\t\t\t\t<div class=\"elementor-element elementor-element-46c9a71 elementor-grid-1 elementor-posts--thumbnail-left elementor-posts--align-left elementor-grid-tablet-2 elementor-grid-mobile-1 elementor-widget elementor-widget-posts\" data-id=\"46c9a71\" data-element_type=\"widget\" data-settings=\"{&quot;classic_columns&quot;:&quot;1&quot;,&quot;classic_row_gap&quot;:{&quot;unit&quot;:&quot;px&quot;,&quot;size&quot;:9,&quot;sizes&quot;:[]},&quot;classic_columns_tablet&quot;:&quot;2&quot;,&quot;classic_columns_mobile&quot;:&quot;1&quot;,&quot;classic_row_gap_tablet&quot;:{&quot;unit&quot;:&quot;px&quot;,&quot;size&quot;:&quot;&quot;,&quot;sizes&quot;:[]},&quot;classic_row_gap_mobile&quot;:{&quot;unit&quot;:&quot;px&quot;,&quot;size&quot;:&quot;&quot;,&quot;sizes&quot;:[]}}\" data-widget_type=\"posts.classic\">\n\t\t\t\t<div class=\"elementor-widget-container\">\n\t\t\t\t\t\t\t<div class=\"elementor-posts-container elementor-posts elementor-posts--skin-classic elementor-grid\">\n\t\t\t\t<article class=\"elementor-post elementor-grid-item post-10773 new type-new status-publish format-standard has-post-thumbnail hentry category-noticias\">\n\t\t\t\t<a class=\"elementor-post__thumbnail__link\" href=\"https:\/\/roboticslab.uc3m.es\/es\/new\/articulo-publicado-en-la-portada-de-la-revista-robotica\/\" tabindex=\"-1\" target=&quot;_blank&quot;>\n\t\t\t<div class=\"elementor-post__thumbnail\"><img fetchpriority=\"high\" decoding=\"async\" width=\"790\" height=\"651\" src=\"https:\/\/roboticslab.uc3m.es\/wp-content\/uploads\/2023\/01\/robotica-febrero.JPG\" class=\"attachment-full size-full wp-image-1070\" alt=\"\" srcset=\"https:\/\/roboticslab.uc3m.es\/wp-content\/uploads\/2023\/01\/robotica-febrero.JPG 790w, https:\/\/roboticslab.uc3m.es\/wp-content\/uploads\/2023\/01\/robotica-febrero-300x247.jpg 300w, https:\/\/roboticslab.uc3m.es\/wp-content\/uploads\/2023\/01\/robotica-febrero-768x633.jpg 768w\" sizes=\"(max-width: 790px) 100vw, 790px\" \/><\/div>\n\t\t<\/a>\n\t\t\t\t<div class=\"elementor-post__text\">\n\t\t\t\t<h3 class=\"elementor-post__title\">\n\t\t\t<a href=\"https:\/\/roboticslab.uc3m.es\/es\/new\/articulo-publicado-en-la-portada-de-la-revista-robotica\/\" target=&quot;_blank&quot;>\n\t\t\t\tArt\u00edculo publicado en la portada de la revista Robotica\t\t\t<\/a>\n\t\t<\/h3>\n\t\t\t\t<div class=\"elementor-post__meta-data\">\n\t\t\t\t\t<span class=\"elementor-post-date\">\n\t\t\tenero 24, 2023\t\t<\/span>\n\t\t\t\t<\/div>\n\t\t\n\t\t<a class=\"elementor-post__read-more\" href=\"https:\/\/roboticslab.uc3m.es\/es\/new\/articulo-publicado-en-la-portada-de-la-revista-robotica\/\" aria-label=\"M\u00e1s informaci\u00f3n sobre Art\u00edculo publicado en la portada de la revista Robotica\" tabindex=\"-1\" target=\"_blank\">\n\t\t\tLeer m\u00e1s \u00bb\t\t<\/a>\n\n\t\t\t\t<\/div>\n\t\t\t\t<\/article>\n\t\t\t\t<article class=\"elementor-post elementor-grid-item post-10774 new type-new status-publish format-standard has-post-thumbnail hentry category-noticias\">\n\t\t\t\t<a class=\"elementor-post__thumbnail__link\" href=\"https:\/\/roboticslab.uc3m.es\/es\/new\/premio-a-la-mejor-comunicacion-en-icsr\/\" tabindex=\"-1\" target=&quot;_blank&quot;>\n\t\t\t<div class=\"elementor-post__thumbnail\"><img decoding=\"async\" width=\"1167\" height=\"796\" src=\"https:\/\/roboticslab.uc3m.es\/wp-content\/uploads\/2022\/12\/icsr.jpg\" class=\"attachment-full size-full wp-image-1067\" alt=\"\" srcset=\"https:\/\/roboticslab.uc3m.es\/wp-content\/uploads\/2022\/12\/icsr.jpg 1167w, https:\/\/roboticslab.uc3m.es\/wp-content\/uploads\/2022\/12\/icsr-300x205.jpg 300w, https:\/\/roboticslab.uc3m.es\/wp-content\/uploads\/2022\/12\/icsr-1024x698.jpg 1024w, https:\/\/roboticslab.uc3m.es\/wp-content\/uploads\/2022\/12\/icsr-768x524.jpg 768w\" sizes=\"(max-width: 1167px) 100vw, 1167px\" \/><\/div>\n\t\t<\/a>\n\t\t\t\t<div class=\"elementor-post__text\">\n\t\t\t\t<h3 class=\"elementor-post__title\">\n\t\t\t<a href=\"https:\/\/roboticslab.uc3m.es\/es\/new\/premio-a-la-mejor-comunicacion-en-icsr\/\" target=&quot;_blank&quot;>\n\t\t\t\tPremio a la mejor comunicaci\u00f3n en ICSR\t\t\t<\/a>\n\t\t<\/h3>\n\t\t\t\t<div class=\"elementor-post__meta-data\">\n\t\t\t\t\t<span class=\"elementor-post-date\">\n\t\t\tdiciembre 22, 2022\t\t<\/span>\n\t\t\t\t<\/div>\n\t\t\n\t\t<a class=\"elementor-post__read-more\" href=\"https:\/\/roboticslab.uc3m.es\/es\/new\/premio-a-la-mejor-comunicacion-en-icsr\/\" aria-label=\"M\u00e1s informaci\u00f3n sobre Premio a la mejor comunicaci\u00f3n en ICSR\" tabindex=\"-1\" target=\"_blank\">\n\t\t\tLeer m\u00e1s \u00bb\t\t<\/a>\n\n\t\t\t\t<\/div>\n\t\t\t\t<\/article>\n\t\t\t\t<article class=\"elementor-post elementor-grid-item post-10775 new type-new status-publish format-standard has-post-thumbnail hentry category-noticias\">\n\t\t\t\t<a class=\"elementor-post__thumbnail__link\" href=\"https:\/\/roboticslab.uc3m.es\/es\/new\/concha-monje-y-santiago-garrido-nuevos-profesores-del-laboratorio-de-robotica\/\" tabindex=\"-1\" target=&quot;_blank&quot;>\n\t\t\t<div class=\"elementor-post__thumbnail\"><img decoding=\"async\" width=\"1152\" height=\"812\" src=\"https:\/\/roboticslab.uc3m.es\/wp-content\/uploads\/2022\/12\/Catedratica.png\" class=\"attachment-full size-full wp-image-1064\" alt=\"\" srcset=\"https:\/\/roboticslab.uc3m.es\/wp-content\/uploads\/2022\/12\/Catedratica.png 1152w, https:\/\/roboticslab.uc3m.es\/wp-content\/uploads\/2022\/12\/Catedratica-300x211.png 300w, https:\/\/roboticslab.uc3m.es\/wp-content\/uploads\/2022\/12\/Catedratica-1024x722.png 1024w, https:\/\/roboticslab.uc3m.es\/wp-content\/uploads\/2022\/12\/Catedratica-768x541.png 768w\" sizes=\"(max-width: 1152px) 100vw, 1152px\" \/><\/div>\n\t\t<\/a>\n\t\t\t\t<div class=\"elementor-post__text\">\n\t\t\t\t<h3 class=\"elementor-post__title\">\n\t\t\t<a href=\"https:\/\/roboticslab.uc3m.es\/es\/new\/concha-monje-y-santiago-garrido-nuevos-profesores-del-laboratorio-de-robotica\/\" target=&quot;_blank&quot;>\n\t\t\t\tConcha Monje y Santiago Garrido, nuevos profesores del Laboratorio de Rob\u00f3tica\t\t\t<\/a>\n\t\t<\/h3>\n\t\t\t\t<div class=\"elementor-post__meta-data\">\n\t\t\t\t\t<span class=\"elementor-post-date\">\n\t\t\tdiciembre 22, 2022\t\t<\/span>\n\t\t\t\t<\/div>\n\t\t\n\t\t<a class=\"elementor-post__read-more\" href=\"https:\/\/roboticslab.uc3m.es\/es\/new\/concha-monje-y-santiago-garrido-nuevos-profesores-del-laboratorio-de-robotica\/\" aria-label=\"M\u00e1s informaci\u00f3n sobre Concha Monje y Santiago Garrido, nuevos profesores del Laboratorio de Rob\u00f3tica\" tabindex=\"-1\" target=\"_blank\">\n\t\t\tLeer m\u00e1s \u00bb\t\t<\/a>\n\n\t\t\t\t<\/div>\n\t\t\t\t<\/article>\n\t\t\t\t<article class=\"elementor-post elementor-grid-item post-10779 new type-new status-publish format-standard has-post-thumbnail hentry category-noticias\">\n\t\t\t\t<a class=\"elementor-post__thumbnail__link\" href=\"https:\/\/roboticslab.uc3m.es\/es\/new\/demostracion-del-proyecto-accessrobot\/\" tabindex=\"-1\" target=&quot;_blank&quot;>\n\t\t\t<div class=\"elementor-post__thumbnail\"><img loading=\"lazy\" decoding=\"async\" width=\"357\" height=\"258\" src=\"https:\/\/roboticslab.uc3m.es\/wp-content\/uploads\/2022\/12\/tiago.JPG\" class=\"attachment-full size-full wp-image-1061\" alt=\"\" srcset=\"https:\/\/roboticslab.uc3m.es\/wp-content\/uploads\/2022\/12\/tiago.JPG 357w, https:\/\/roboticslab.uc3m.es\/wp-content\/uploads\/2022\/12\/tiago-300x217.jpg 300w\" sizes=\"(max-width: 357px) 100vw, 357px\" \/><\/div>\n\t\t<\/a>\n\t\t\t\t<div class=\"elementor-post__text\">\n\t\t\t\t<h3 class=\"elementor-post__title\">\n\t\t\t<a href=\"https:\/\/roboticslab.uc3m.es\/es\/new\/demostracion-del-proyecto-accessrobot\/\" target=&quot;_blank&quot;>\n\t\t\t\tDemostraci\u00f3n del proyecto ACCESSROBOT\t\t\t<\/a>\n\t\t<\/h3>\n\t\t\t\t<div class=\"elementor-post__meta-data\">\n\t\t\t\t\t<span class=\"elementor-post-date\">\n\t\t\tdiciembre 22, 2022\t\t<\/span>\n\t\t\t\t<\/div>\n\t\t\n\t\t<a class=\"elementor-post__read-more\" href=\"https:\/\/roboticslab.uc3m.es\/es\/new\/demostracion-del-proyecto-accessrobot\/\" aria-label=\"M\u00e1s informaci\u00f3n sobre Demostraci\u00f3n del proyecto ACCESSROBOT\" tabindex=\"-1\" target=\"_blank\">\n\t\t\tLeer m\u00e1s \u00bb\t\t<\/a>\n\n\t\t\t\t<\/div>\n\t\t\t\t<\/article>\n\t\t\t\t<article class=\"elementor-post elementor-grid-item post-10781 new type-new status-publish format-standard has-post-thumbnail hentry category-noticias\">\n\t\t\t\t<a class=\"elementor-post__thumbnail__link\" href=\"https:\/\/roboticslab.uc3m.es\/es\/new\/ciclo-de-conferencias-de-carlos-balaguer-en-hong-kong\/\" tabindex=\"-1\" target=&quot;_blank&quot;>\n\t\t\t<div class=\"elementor-post__thumbnail\"><img loading=\"lazy\" decoding=\"async\" width=\"978\" height=\"627\" src=\"https:\/\/roboticslab.uc3m.es\/wp-content\/uploads\/2022\/12\/Hong_Kong.JPG\" class=\"attachment-full size-full wp-image-1058\" alt=\"\" srcset=\"https:\/\/roboticslab.uc3m.es\/wp-content\/uploads\/2022\/12\/Hong_Kong.JPG 978w, https:\/\/roboticslab.uc3m.es\/wp-content\/uploads\/2022\/12\/Hong_Kong-300x192.jpg 300w, https:\/\/roboticslab.uc3m.es\/wp-content\/uploads\/2022\/12\/Hong_Kong-768x492.jpg 768w\" sizes=\"(max-width: 978px) 100vw, 978px\" \/><\/div>\n\t\t<\/a>\n\t\t\t\t<div class=\"elementor-post__text\">\n\t\t\t\t<h3 class=\"elementor-post__title\">\n\t\t\t<a href=\"https:\/\/roboticslab.uc3m.es\/es\/new\/ciclo-de-conferencias-de-carlos-balaguer-en-hong-kong\/\" target=&quot;_blank&quot;>\n\t\t\t\tCiclo de conferencias de Carlos Balaguer en Hong Kong\t\t\t<\/a>\n\t\t<\/h3>\n\t\t\t\t<div class=\"elementor-post__meta-data\">\n\t\t\t\t\t<span class=\"elementor-post-date\">\n\t\t\tdiciembre 22, 2022\t\t<\/span>\n\t\t\t\t<\/div>\n\t\t\n\t\t<a class=\"elementor-post__read-more\" href=\"https:\/\/roboticslab.uc3m.es\/es\/new\/ciclo-de-conferencias-de-carlos-balaguer-en-hong-kong\/\" aria-label=\"M\u00e1s informaci\u00f3n sobre Ciclo de conferencias de Carlos Balaguer en Hong Kong\" tabindex=\"-1\" target=\"_blank\">\n\t\t\tLeer m\u00e1s \u00bb\t\t<\/a>\n\n\t\t\t\t<\/div>\n\t\t\t\t<\/article>\n\t\t\t\t<article class=\"elementor-post elementor-grid-item post-10782 new type-new status-publish format-standard has-post-thumbnail hentry category-noticias\">\n\t\t\t\t<a class=\"elementor-post__thumbnail__link\" href=\"https:\/\/roboticslab.uc3m.es\/es\/new\/charla-de-alberto-jardon-en-la-global-robot-expo\/\" tabindex=\"-1\" target=&quot;_blank&quot;>\n\t\t\t<div class=\"elementor-post__thumbnail\"><img loading=\"lazy\" decoding=\"async\" width=\"1830\" height=\"2048\" src=\"https:\/\/roboticslab.uc3m.es\/wp-content\/uploads\/2022\/12\/Fiz0KQdWYAE5O8m.jpg\" class=\"attachment-full size-full wp-image-1055\" alt=\"\" srcset=\"https:\/\/roboticslab.uc3m.es\/wp-content\/uploads\/2022\/12\/Fiz0KQdWYAE5O8m.jpg 1830w, https:\/\/roboticslab.uc3m.es\/wp-content\/uploads\/2022\/12\/Fiz0KQdWYAE5O8m-268x300.jpg 268w, https:\/\/roboticslab.uc3m.es\/wp-content\/uploads\/2022\/12\/Fiz0KQdWYAE5O8m-915x1024.jpg 915w, https:\/\/roboticslab.uc3m.es\/wp-content\/uploads\/2022\/12\/Fiz0KQdWYAE5O8m-768x859.jpg 768w, https:\/\/roboticslab.uc3m.es\/wp-content\/uploads\/2022\/12\/Fiz0KQdWYAE5O8m-1373x1536.jpg 1373w\" sizes=\"(max-width: 1830px) 100vw, 1830px\" \/><\/div>\n\t\t<\/a>\n\t\t\t\t<div class=\"elementor-post__text\">\n\t\t\t\t<h3 class=\"elementor-post__title\">\n\t\t\t<a href=\"https:\/\/roboticslab.uc3m.es\/es\/new\/charla-de-alberto-jardon-en-la-global-robot-expo\/\" target=&quot;_blank&quot;>\n\t\t\t\tCharla de Alberto Jard\u00f3n en la Global Robot Expo\t\t\t<\/a>\n\t\t<\/h3>\n\t\t\t\t<div class=\"elementor-post__meta-data\">\n\t\t\t\t\t<span class=\"elementor-post-date\">\n\t\t\tdiciembre 21, 2022\t\t<\/span>\n\t\t\t\t<\/div>\n\t\t\n\t\t<a class=\"elementor-post__read-more\" href=\"https:\/\/roboticslab.uc3m.es\/es\/new\/charla-de-alberto-jardon-en-la-global-robot-expo\/\" aria-label=\"M\u00e1s informaci\u00f3n sobre Charla de Alberto Jard\u00f3n en la Global Robot Expo\" tabindex=\"-1\" target=\"_blank\">\n\t\t\tLeer m\u00e1s \u00bb\t\t<\/a>\n\n\t\t\t\t<\/div>\n\t\t\t\t<\/article>\n\t\t\t\t<\/div>\n\t\t\n\t\t\t\t\t\t<\/div>\n\t\t\t\t<\/div>\n\t\t\t\t\t<\/div>\n\t\t\t\t<\/div>\n\t\t<div class=\"elementor-element elementor-element-ae3446e e-flex e-con-boxed e-con e-child\" data-id=\"ae3446e\" data-element_type=\"container\" data-settings=\"{&quot;background_background&quot;:&quot;classic&quot;}\">\n\t\t\t\t\t<div class=\"e-con-inner\">\n\t\t\t\t<div class=\"elementor-element elementor-element-ddb7ada elementor-widget elementor-widget-heading\" data-id=\"ddb7ada\" data-element_type=\"widget\" data-widget_type=\"heading.default\">\n\t\t\t\t<div class=\"elementor-widget-container\">\n\t\t\t\t\t<h2 class=\"elementor-heading-title elementor-size-default\">Robots<\/h2>\t\t\t\t<\/div>\n\t\t\t\t<\/div>\n\t\t\t\t\t<\/div>\n\t\t\t\t<\/div>\n\t\t\t\t<\/div>\n\t\t\t\t<\/div>\n\t\t\t\t<\/div>\n\t\t","protected":false},"excerpt":{"rendered":"<p>Tipos<\/p>\n","protected":false},"author":1,"featured_media":0,"parent":0,"menu_order":0,"comment_status":"closed","ping_status":"closed","template":"elementor_header_footer","meta":{"_acf_changed":false,"footnotes":""},"class_list":["post-10741","page","type-page","status-publish","hentry"],"acf":[],"yoast_head":"<!-- This site is optimized with the Yoast SEO plugin v25.3 - https:\/\/yoast.com\/wordpress\/plugins\/seo\/ -->\n<title>Tipos de robots Aplicaciones - Laboratorio de rob\u00f3tica<\/title>\n<meta name=\"robots\" content=\"noindex, follow, max-snippet:-1, max-image-preview:large, max-video-preview:-1\" \/>\n<meta property=\"og:locale\" content=\"es_ES\" \/>\n<meta property=\"og:type\" content=\"article\" \/>\n<meta property=\"og:title\" content=\"Tipos de robots Aplicaciones - Laboratorio de rob\u00f3tica\" \/>\n<meta property=\"og:description\" content=\"Tipos\" \/>\n<meta property=\"og:url\" content=\"https:\/\/roboticslab.uc3m.es\/robots-types-applications\/\" \/>\n<meta property=\"og:site_name\" content=\"Laboratorio de rob\u00f3tica\" \/>\n<meta property=\"article:modified_time\" content=\"2024-05-09T13:28:26+00:00\" \/>\n<meta name=\"twitter:card\" content=\"summary_large_image\" \/>\n<script type=\"application\/ld+json\" class=\"yoast-schema-graph\">{\"@context\":\"https:\/\/schema.org\",\"@graph\":[{\"@type\":\"WebPage\",\"@id\":\"https:\/\/roboticslab.uc3m.es\/robots-types-applications\/\",\"url\":\"https:\/\/roboticslab.uc3m.es\/robots-types-applications\/\",\"name\":\"Tipos de robots Aplicaciones - Laboratorio de rob\u00f3tica\",\"isPartOf\":{\"@id\":\"https:\/\/roboticslab.uc3m.es\/#website\"},\"datePublished\":\"2024-04-18T16:06:23+00:00\",\"dateModified\":\"2024-05-09T13:28:26+00:00\",\"inLanguage\":\"es\",\"potentialAction\":[{\"@type\":\"ReadAction\",\"target\":[\"https:\/\/roboticslab.uc3m.es\/robots-types-applications\/\"]}]},{\"@type\":\"WebSite\",\"@id\":\"https:\/\/roboticslab.uc3m.es\/#website\",\"url\":\"https:\/\/roboticslab.uc3m.es\/\",\"name\":\"Laboratorio de rob\u00f3tica\",\"description\":\"\",\"publisher\":{\"@id\":\"https:\/\/roboticslab.uc3m.es\/#organization\"},\"potentialAction\":[{\"@type\":\"SearchAction\",\"target\":{\"@type\":\"EntryPoint\",\"urlTemplate\":\"https:\/\/roboticslab.uc3m.es\/?s={search_term_string}\"},\"query-input\":{\"@type\":\"PropertyValueSpecification\",\"valueRequired\":true,\"valueName\":\"search_term_string\"}}],\"inLanguage\":\"es\"},{\"@type\":\"Organization\",\"@id\":\"https:\/\/roboticslab.uc3m.es\/#organization\",\"name\":\"Laboratorio de rob\u00f3tica\",\"url\":\"https:\/\/roboticslab.uc3m.es\/\",\"logo\":{\"@type\":\"ImageObject\",\"inLanguage\":\"es\",\"@id\":\"https:\/\/roboticslab.uc3m.es\/#\/schema\/logo\/image\/\",\"url\":\"https:\/\/roboticslab.uc3m.es\/wp-content\/uploads\/2024\/02\/cropped-logo_header_roboticslab_0_new-1.png\",\"contentUrl\":\"https:\/\/roboticslab.uc3m.es\/wp-content\/uploads\/2024\/02\/cropped-logo_header_roboticslab_0_new-1.png\",\"width\":304,\"height\":68,\"caption\":\"Laboratorio de rob\u00f3tica\"},\"image\":{\"@id\":\"https:\/\/roboticslab.uc3m.es\/#\/schema\/logo\/image\/\"}}]}<\/script>\n<!-- \/ Yoast SEO plugin. -->","yoast_head_json":{"title":"Tipos de robots Aplicaciones - Laboratorio de rob\u00f3tica","robots":{"index":"noindex","follow":"follow","max-snippet":"max-snippet:-1","max-image-preview":"max-image-preview:large","max-video-preview":"max-video-preview:-1"},"og_locale":"es_ES","og_type":"article","og_title":"Tipos de robots Aplicaciones - Laboratorio de rob\u00f3tica","og_description":"Tipos","og_url":"https:\/\/roboticslab.uc3m.es\/robots-types-applications\/","og_site_name":"Laboratorio de rob\u00f3tica","article_modified_time":"2024-05-09T13:28:26+00:00","twitter_card":"summary_large_image","schema":{"@context":"https:\/\/schema.org","@graph":[{"@type":"WebPage","@id":"https:\/\/roboticslab.uc3m.es\/robots-types-applications\/","url":"https:\/\/roboticslab.uc3m.es\/robots-types-applications\/","name":"Tipos de robots Aplicaciones - Laboratorio de rob\u00f3tica","isPartOf":{"@id":"https:\/\/roboticslab.uc3m.es\/#website"},"datePublished":"2024-04-18T16:06:23+00:00","dateModified":"2024-05-09T13:28:26+00:00","inLanguage":"es","potentialAction":[{"@type":"ReadAction","target":["https:\/\/roboticslab.uc3m.es\/robots-types-applications\/"]}]},{"@type":"WebSite","@id":"https:\/\/roboticslab.uc3m.es\/#website","url":"https:\/\/roboticslab.uc3m.es\/","name":"Laboratorio de rob\u00f3tica","description":"","publisher":{"@id":"https:\/\/roboticslab.uc3m.es\/#organization"},"potentialAction":[{"@type":"SearchAction","target":{"@type":"EntryPoint","urlTemplate":"https:\/\/roboticslab.uc3m.es\/?s={search_term_string}"},"query-input":{"@type":"PropertyValueSpecification","valueRequired":true,"valueName":"search_term_string"}}],"inLanguage":"es"},{"@type":"Organization","@id":"https:\/\/roboticslab.uc3m.es\/#organization","name":"Laboratorio de rob\u00f3tica","url":"https:\/\/roboticslab.uc3m.es\/","logo":{"@type":"ImageObject","inLanguage":"es","@id":"https:\/\/roboticslab.uc3m.es\/#\/schema\/logo\/image\/","url":"https:\/\/roboticslab.uc3m.es\/wp-content\/uploads\/2024\/02\/cropped-logo_header_roboticslab_0_new-1.png","contentUrl":"https:\/\/roboticslab.uc3m.es\/wp-content\/uploads\/2024\/02\/cropped-logo_header_roboticslab_0_new-1.png","width":304,"height":68,"caption":"Laboratorio de rob\u00f3tica"},"image":{"@id":"https:\/\/roboticslab.uc3m.es\/#\/schema\/logo\/image\/"}}]}},"_links":{"self":[{"href":"https:\/\/roboticslab.uc3m.es\/es\/wp-json\/wp\/v2\/pages\/10741","targetHints":{"allow":["GET"]}}],"collection":[{"href":"https:\/\/roboticslab.uc3m.es\/es\/wp-json\/wp\/v2\/pages"}],"about":[{"href":"https:\/\/roboticslab.uc3m.es\/es\/wp-json\/wp\/v2\/types\/page"}],"author":[{"embeddable":true,"href":"https:\/\/roboticslab.uc3m.es\/es\/wp-json\/wp\/v2\/users\/1"}],"replies":[{"embeddable":true,"href":"https:\/\/roboticslab.uc3m.es\/es\/wp-json\/wp\/v2\/comments?post=10741"}],"version-history":[{"count":3,"href":"https:\/\/roboticslab.uc3m.es\/es\/wp-json\/wp\/v2\/pages\/10741\/revisions"}],"predecessor-version":[{"id":10866,"href":"https:\/\/roboticslab.uc3m.es\/es\/wp-json\/wp\/v2\/pages\/10741\/revisions\/10866"}],"wp:attachment":[{"href":"https:\/\/roboticslab.uc3m.es\/es\/wp-json\/wp\/v2\/media?parent=10741"}],"curies":[{"name":"wp","href":"https:\/\/api.w.org\/{rel}","templated":true}]}}